{"id":30846,"date":"2025-11-17T06:22:31","date_gmt":"2025-11-17T06:22:31","guid":{"rendered":"https:\/\/cottonland.shop\/?page_id=30846"},"modified":"2026-03-24T15:25:38","modified_gmt":"2026-03-24T15:25:38","slug":"pre-purchase-guide","status":"publish","type":"page","link":"https:\/\/cottonland.shop\/pt\/pre-purchase-guide\/","title":{"rendered":"Guia de pr\u00e9-compra"},"content":{"rendered":"<div data-elementor-type=\"wp-page\" data-elementor-id=\"30846\" class=\"elementor elementor-30846\" data-elementor-post-type=\"page\">\n\t\t\t\t<div class=\"elementor-element elementor-element-00cd32f e-con-full e-flex e-con e-parent\" data-id=\"00cd32f\" data-element_type=\"container\" data-e-type=\"container\">\n\t\t\t\t<div class=\"elementor-element elementor-element-f2086ac elementor-widget elementor-widget-wd_text_block\" data-id=\"f2086ac\" data-element_type=\"widget\" data-e-type=\"widget\" data-widget_type=\"wd_text_block.default\">\n\t\t\t\t<div class=\"elementor-widget-container\">\n\t\t\t\t\t\t\t<div class=\"wd-text-block reset-last-child text-left\">\n\t\t\t\n\t\t\t<div style=\"font-family: 'Poppins', sans-serif, Arial, sans-serif; color: #333; max-width: 1100px; margin: 0 auto; padding: 20px; background-color: #ffffff;\">\n<div style=\"background-color: #f8e8ec; padding: 40px 20px; border-radius: 15px; text-align: center; margin-bottom: 40px; box-shadow: 0 4px 15px rgba(229, 156, 160, 0.2);\">\n<h1 style=\"color: #d67f85; font-size: 38px; font-weight: bold; margin-bottom: 10px;\">\ud83d\udccb Before You Buy \u2014 What Every Collector Should Know Guide<\/h1>\n<p style=\"color: #666; font-size: 18px;\">Sizing, care tips, and what to expect when your doll arrives.\ud83c\udf37<\/p>\n<\/div>\n<div style=\"margin-bottom: 40px; padding: 20px; border-radius: 10px;\">\n<h2 style=\"color: #e59ca0; font-size: 26px; font-weight: 600; border-bottom: 2px solid #f8e8ec; padding-bottom: 10px; margin-bottom: 20px;\">\u2728 <span style=\"font-weight: bold;\">Handcrafted Product Policy<\/span><\/h2>\n<div style=\"background-color: #ffe0e0; border: 2px dashed #e59ca0; padding: 20px; margin-bottom: 30px; border-radius: 10px;\">\n<h3 style=\"color: #d67f85; font-size: 20px; margin-top: 0; margin-bottom: 15px;\">\u26a0\ufe0f <span style=\"font-weight: bold;\">Pol\u00edtica importante de leitura obrigat\u00f3ria:<\/span><\/h3>\n<ol style=\"padding-left: 20px;\">\n<li><span style=\"font-weight: bold;\">Charm feito \u00e0 m\u00e3o:<\/span> Todas as roupas e acess\u00f3rios das bonecas s\u00e3o feitos \u00e0 m\u00e3o. Isso significa que pequenas imperfei\u00e7\u00f5es manuais e diferen\u00e7as sutis s\u00e3o inevit\u00e1veis. Permitimos uma varia\u00e7\u00e3o razo\u00e1vel de <span style=\"font-weight: bold;\">1-3 mm<\/span> em todos os nossos itens.<\/li>\n<li><span style=\"font-weight: bold;\">Consist\u00eancia de cores:<\/span> Devido a diferen\u00e7as na ilumina\u00e7\u00e3o da fotografia e na exibi\u00e7\u00e3o da tela, pode ocorrer uma leve aberra\u00e7\u00e3o crom\u00e1tica (diferen\u00e7a de cor).<\/li>\n<li><span style=\"font-weight: bold;\">Reivindica\u00e7\u00f5es de qualidade:<\/span> Ao receber seu pacote, favor <span style=\"font-weight: bold;\">gravar um v\u00eddeo completo e n\u00e3o editado de unboxing<\/span>. Problemas de qualidade (como danos materiais) devem ser relatados <span style=\"font-weight: bold;\">dentro de 7 dias<\/span> da assinatura\/entrega. As reclama\u00e7\u00f5es feitas ap\u00f3s esse per\u00edodo de 7 dias n\u00e3o poder\u00e3o ser processadas.<\/li>\n<li><span style=\"font-weight: bold;\">Natureza personalizada:<\/span> Como todos os nossos itens s\u00e3o produtos puramente personalizados, n\u00e3o podemos aceitar devolu\u00e7\u00f5es ou trocas por <span style=\"font-weight: bold;\">motivos n\u00e3o relacionados \u00e0 qualidade<\/span> (por exemplo, mudan\u00e7a de opini\u00e3o, percep\u00e7\u00e3o de diferen\u00e7a de tamanho\/cor).<\/li>\n<\/ol>\n<\/div>\n<\/div>\n<div style=\"margin-bottom: 40px; padding: 20px; border-radius: 10px;\">\n<h2 style=\"color: #e59ca0; font-size: 26px; font-weight: 600; border-bottom: 2px solid #f8e8ec; padding-bottom: 10px; margin-bottom: 20px;\">\u2728 <span style=\"font-weight: bold;\">When Your Doll Arrives<\/span><\/h2>\n<p>Quando sua boneca chegar, um pouco de cuidado e aten\u00e7\u00e3o far\u00e1 com que ela se destaque em sua melhor forma e personalidade!<\/p>\n<div style=\"background-color: #fff7f9; border-left: 5px solid #e59ca0; padding: 15px; margin: 15px 0; border-radius: 5px;\"><span style=\"font-weight: bold; color: #d67f85;\">P: O rosto da minha boneca parece esmagado ou diferente das fotos. O que devo fazer?<\/span><br \/>\n<span style=\"font-weight: bold; color: #d67f85;\">A:<\/span> N\u00e3o se preocupe! Viagens longas pelo correio podem causar esmagamento tempor\u00e1rio. Basta fazer uma massagem suave em sua boneca! Amasse o algod\u00e3o dentro do corpo para redistribuir uniformemente o enchimento. Isso trar\u00e1 de volta o formato perfeito e rechonchudo do rosto.<\/div>\n<div style=\"background-color: #fff7f9; border-left: 5px solid #e59ca0; padding: 15px; margin: 15px 0; border-radius: 5px;\"><span style=\"font-weight: bold; color: #d67f85;\">P: As articula\u00e7\u00f5es parecem r\u00edgidas, dificultando a postura da minha boneca!<\/span><br \/>\n<span style=\"font-weight: bold; color: #d67f85;\">A:<\/span> As bonecas rec\u00e9m-sa\u00eddas da produ\u00e7\u00e3o e do transporte podem ter estruturas r\u00edgidas. Primeiro, fa\u00e7a um pouco de \"calistenia\" com sua boneca! Movimente suavemente os membros para cima, para baixo, para a esquerda e para a direita para ativar as articula\u00e7\u00f5es. Elas se tornar\u00e3o muito mais flex\u00edveis. (A estrutura \u00e9 muito dur\u00e1vel e n\u00e3o se quebrar\u00e1 com movimentos n\u00e3o violentos).<\/div>\n<div style=\"background-color: #fff7f9; border-left: 5px solid #e59ca0; padding: 15px; margin: 15px 0; border-radius: 5px;\"><span style=\"font-weight: bold; color: #d67f85;\">Uma observa\u00e7\u00e3o sobre estilo:<\/span>Sua boneca chega com as \"configura\u00e7\u00f5es de f\u00e1brica\". Os lindos modelos que voc\u00ea v\u00ea on-line foram pessoalmente estilizados, escovados e corados pela Cottonland! N\u00f3s o incentivamos a personalizar sua boneca! Voc\u00ea tamb\u00e9m pode consultar v\u00eddeos de estiliza\u00e7\u00e3o de bonecas de algod\u00e3o no YouTube para se inspirar.<\/p>\n<\/div>\n<\/div>\n<div style=\"margin-bottom: 40px; padding: 20px; border-radius: 10px;\">\n<h2 style=\"color: #e59ca0; font-size: 26px; font-weight: 600; border-bottom: 2px solid #f8e8ec; padding-bottom: 10px; margin-bottom: 20px;\">\u2600\ufe0f <span style=\"font-weight: bold;\">Daily Care Guide<\/span><\/h2>\n<p>Mantenha seu amigo de algod\u00e3o em \u00f3timas condi\u00e7\u00f5es com estas regras simples:<\/p>\n<h3>\u26a0\ufe0f <span style=\"font-weight: bold;\">N\u00e3o fa\u00e7a isso! (Seguran\u00e7a em primeiro lugar)<\/span><\/h3>\n<ul style=\"padding-left: 20px;\">\n<li>\u274c <span style=\"font-weight: bold;\">SEM ferramentas quentes:<\/span> Nunca use um secador de cabelo quente em sua boneca, pois isso pode queimar ou derreter o tecido facial.<\/li>\n<li>\u274c <span style=\"font-weight: bold;\">NENHUM banho de sol prolongado:<\/span> N\u00e3o deixe sua boneca sob a luz direta do sol por per\u00edodos prolongados (isso pode causar desbotamento). A exposi\u00e7\u00e3o ocasional ao sol, especialmente em \u00e1reas \u00famidas, \u00e9 boa para ajudar a evitar \u00e1caros e mofo.<\/li>\n<li>\u274c <span style=\"font-weight: bold;\">N\u00c3O use roupas escuras por muito tempo:<\/span> Evite vestir sua boneca com roupas escuras ou de cores fortes por longos per\u00edodos, pois isso pode causar transfer\u00eancia irrevers\u00edvel de cor (manchas). Sempre lave roupas novas e escuras uma vez antes de us\u00e1-las!<\/li>\n<li>\u274c <span style=\"font-weight: bold;\">N\u00c3O Compress\u00e3o el\u00e1stica:<\/span> Evite deixar roupas apertadas (como aquelas com cinturas el\u00e1sticas) por muito tempo, pois elas podem deixar marcas de press\u00e3o permanentes.<\/li>\n<li>\u274c <span style=\"font-weight: bold;\">SEM produtos qu\u00edmicos agressivos:<\/span> N\u00e3o use produtos que contenham \u00e1lcool ou produtos qu\u00edmicos agressivos no rosto da boneca, pois isso pode deixar o tecido facial \u00e1spero.<\/li>\n<li>\u274c <span style=\"font-weight: bold;\">NO Hand Cream Myth:<\/span> N\u00e3o aplique creme para as m\u00e3os ou lo\u00e7\u00f5es no rosto da boneca para \"alis\u00e1-lo\" - isso provavelmente far\u00e1 com que o tecido fique amarelado com o tempo.<\/li>\n<li>\u274c <span style=\"font-weight: bold;\">N\u00c3O h\u00e1 grampos de cabelo permanentes:<\/span> Evite prender acess\u00f3rios de cabelo pesados ou apertados por muito tempo, pois eles podem deixar marcas.<\/li>\n<li>\u274c <span style=\"font-weight: bold;\">SEM blush laranja:<\/span> Ao aplicar o blush, evite tons alaranjados, pois eles tendem a deixar uma mancha amarela permanente depois de desbotados.<\/li>\n<\/ul>\n<h3>P: O cabelo da minha boneca ficar\u00e1 vis\u00edvel na rede de cabelo?<\/h3>\n<p><span style=\"font-weight: bold;\">A:<\/span> Para determinados materiais de cabelo, especialmente aqueles que s\u00e3o descoloridos ou 'crespos', \u00e9 normal haver uma pequena visibilidade da rede de cabelo. Estamos sempre buscando alternativas melhores, mas isso \u00e9 t\u00edpico de alguns tecidos de cabelo mais claros e n\u00e3o afeta o estilo! As bonecas com cabelos mais escuros geralmente parecem ter mais volume.<\/p>\n<\/div>\n<div style=\"margin-bottom: 40px; padding: 20px; border-radius: 10px;\">\n<h2 style=\"color: #e59ca0; font-size: 26px; font-weight: 600; border-bottom: 2px solid #f8e8ec; padding-bottom: 10px; margin-bottom: 20px;\">\ud83d\udee0\ufe0f <span style=\"font-weight: bold;\">Maintenance & Supplies<\/span><\/h2>\n<h3><span style=\"font-weight: bold;\">Itens de cuidados de rotina:<\/span><\/h3>\n<div style=\"background-color: #fff7f9; border-left: 5px solid #e59ca0; padding: 15px; margin: 15px 0; border-radius: 5px;\">\n<ol style=\"margin-top: 10px; padding-left: 20px;\">\n<li><span style=\"font-weight: bold;\">Rolo de fiapos (altamente recomendado!):<\/span> O item mais \u00fatil! Role suavemente sobre o corpo (siga uma dire\u00e7\u00e3o) para coletar poeira e fiapos. <span style=\"font-style: italic;\">(Cuidado: role suavemente para n\u00e3o levantar a penugem da superf\u00edcie da boneca).<\/span><\/li>\n<li><span style=\"font-weight: bold;\">Escova de cerdas finas (por exemplo, escova para beb\u00eas ou animais de estima\u00e7\u00e3o):<\/span> Use uma escova macia de v\u00e1rias cerdas (como uma escova de dez mil cerdas) para alisar suavemente o tecido facial. Escove suavemente para evitar deixar marcas.<\/li>\n<li><span style=\"font-weight: bold;\">Blush:<\/span> Essencial para decorar e dar vida ao rosto de sua boneca!<\/li>\n<li><span style=\"font-weight: bold;\">Detergente para limpeza de bonecas:<\/span> Use com modera\u00e7\u00e3o, pois o uso excessivo pode tornar o tecido facial \u00e1spero.<\/li>\n<\/ol>\n<\/div>\n<h3>\ud83e\uddfc <span style=\"font-weight: bold;\">How to Wash Your Doll<\/span><\/h3>\n<p>Antes de lavar a boneca, verifique se h\u00e1 costuras soltas ou peda\u00e7os de cabelo soltos. Sempre grave um v\u00eddeo se houver problemas.<\/p>\n<ol style=\"padding-left: 20px;\">\n<li>Use uma pequena bacia de <span style=\"font-weight: bold;\">\u00e1gua morna ou fria<\/span> com uma pequena quantidade de amaciante de roupas.<\/li>\n<li>Mergulhe uma toalha de rosto limpa e descart\u00e1vel na solu\u00e7\u00e3o e tor\u00e7a-a at\u00e9 que ela esteja apenas <span style=\"font-weight: bold;\">\u00famido<\/span> (sem pingar).<\/li>\n<li>Limpe suavemente o corpo da boneca. Seja ainda mais cuidadoso com as \u00e1reas bordadas, pois <span style=\"font-weight: bold;\">esfregar pode fazer com que as cores sangrem<\/span>.<\/li>\n<li>Seque a superf\u00edcie com uma toalha limpa e seca para absorver o excesso de umidade.<\/li>\n<li>Coloque sua boneca em uma <span style=\"font-weight: bold;\">\u00e1rea fresca e ventilada<\/span> para secar completamente ao ar livre. N\u00e3o secar em m\u00e1quina de secar roupa ou usar calor.<\/li>\n<\/ol>\n<h3>\u2702\ufe0f <span style=\"font-weight: bold;\">Dicas de modelagem de cabelo<\/span><\/h3>\n<p>N\u00e3o use pentes grandes de madeira. Use uma escova macia, uma escova de dentes ou um pente pequeno para animais de estima\u00e7\u00e3o para organizar o cabelo. Voc\u00ea pode usar um pouco de condicionador ou \u00e1gua para hidratar, mas <span style=\"font-weight: bold;\">n\u00e3o puxe ou arranque o cabelo<\/span>.<\/p>\n<\/div>\n<div style=\"margin-bottom: 40px; padding: 20px; border-radius: 10px;\">\n<h2 style=\"color: #e59ca0; font-size: 26px; font-weight: 600; border-bottom: 2px solid #f8e8ec; padding-bottom: 10px; margin-bottom: 20px;\">\ud83d\udccb <span style=\"font-weight: bold;\">Cotton Doll Basics \u2014 A Quick Size & Type Guide<\/span><\/h2>\n<p>Entender os conceitos b\u00e1sicos ajuda voc\u00ea a escolher o amigo perfeito:<\/p>\n<ul style=\"padding-left: 20px;\">\n<li><span style=\"font-weight: bold;\">Boneca de algod\u00e3o:<\/span> Um brinquedo de pel\u00facia feito inteiramente de enchimento de algod\u00e3o.<\/li>\n<li><span style=\"font-weight: bold;\">Tamanhos:<\/span> Normalmente, 5 cm, 10 cm, 15 cm, 20 cm, 40 cm. (Recomendamos 10 cm ou 20 cm para iniciantes!)<\/li>\n<li><span style=\"font-weight: bold;\">Tipos de corpo:<\/span> Os tipos comuns incluem Normal, Chubby, Split-Leg, Starfish, etc.<\/li>\n<li><span style=\"font-weight: bold;\">Atributos:<\/span> As bonecas podem ser <span style=\"font-style: italic;\">Atribu\u00eddo<\/span> (baseado em uma celebridade, \u00eddolo ou personagem de IP) ou <span style=\"font-style: italic;\">N\u00e3o atribu\u00eddo<\/span> (projetado puramente pela criatividade do autor).<\/li>\n<li><span style=\"font-weight: bold;\">Tipos de cabelo:<\/span> As variedades incluem pelo longo, pelo curto, pelo normal, pelo crespo, seda de leite e seda de alta temperatura. (Regular e Straight Frizzy s\u00e3o geralmente as mais f\u00e1ceis de manter).<\/li>\n<\/ul>\n<\/div>\n<\/div>\n\n\t\t\t\t\t<\/div>\n\t\t\t\t\t\t<\/div>\n\t\t\t\t<\/div>\n\t\t\t\t<\/div>\n\t\t<div class=\"wd-negative-gap elementor-element elementor-element-4a3008c e-flex e-con-boxed e-con e-parent\" data-id=\"4a3008c\" data-element_type=\"container\" data-e-type=\"container\">\n\t\t\t\t\t<div class=\"e-con-inner\">\n\t\t\t\t\t<\/div>\n\t\t\t\t<\/div>\n\t\t\t\t<\/div>","protected":false},"excerpt":{"rendered":"<p>\ud83d\udccb Before You Buy \u2014 What Every Collector Should Know Guide Sizing, care tips, and what to expect when your<\/p>","protected":false},"author":1,"featured_media":0,"parent":0,"menu_order":0,"comment_status":"closed","ping_status":"closed","template":"","meta":{"footnotes":""},"class_list":["post-30846","page","type-page","status-publish","hentry"],"jetpack_sharing_enabled":true,"_links":{"self":[{"href":"https:\/\/cottonland.shop\/pt\/wp-json\/wp\/v2\/pages\/30846","targetHints":{"allow":["GET"]}}],"collection":[{"href":"https:\/\/cottonland.shop\/pt\/wp-json\/wp\/v2\/pages"}],"about":[{"href":"https:\/\/cottonland.shop\/pt\/wp-json\/wp\/v2\/types\/page"}],"author":[{"embeddable":true,"href":"https:\/\/cottonland.shop\/pt\/wp-json\/wp\/v2\/users\/1"}],"replies":[{"embeddable":true,"href":"https:\/\/cottonland.shop\/pt\/wp-json\/wp\/v2\/comments?post=30846"}],"version-history":[{"count":0,"href":"https:\/\/cottonland.shop\/pt\/wp-json\/wp\/v2\/pages\/30846\/revisions"}],"wp:attachment":[{"href":"https:\/\/cottonland.shop\/pt\/wp-json\/wp\/v2\/media?parent=30846"}],"curies":[{"name":"wp","href":"https:\/\/api.w.org\/{rel}","templated":true}]}}