{"id":30855,"date":"2025-11-17T06:43:21","date_gmt":"2025-11-17T06:43:21","guid":{"rendered":"https:\/\/cottonland.shop\/?page_id=30855"},"modified":"2025-11-17T07:19:24","modified_gmt":"2025-11-17T07:19:24","slug":"privacy-policy","status":"publish","type":"page","link":"https:\/\/cottonland.shop\/pt\/privacy-policy\/","title":{"rendered":"Pol\u00edtica de privacidade"},"content":{"rendered":"<div data-elementor-type=\"wp-page\" data-elementor-id=\"30855\" class=\"elementor elementor-30855\" data-elementor-post-type=\"page\">\n\t\t\t\t<div class=\"wd-negative-gap elementor-element elementor-element-b9a50aa e-flex e-con-boxed e-con e-parent\" data-id=\"b9a50aa\" data-element_type=\"container\" data-e-type=\"container\">\n\t\t\t\t\t<div class=\"e-con-inner\">\n\t\t\t\t<div class=\"elementor-element elementor-element-f894264 elementor-widget elementor-widget-wd_text_block\" data-id=\"f894264\" data-element_type=\"widget\" data-e-type=\"widget\" data-widget_type=\"wd_text_block.default\">\n\t\t\t\t<div class=\"elementor-widget-container\">\n\t\t\t\t\t\t\t<div class=\"wd-text-block reset-last-child text-left\">\n\t\t\t\n\t\t\t<div style=\"font-family: 'Poppins', sans-serif, Arial, sans-serif; color: #333; max-width: 1100px; margin: 0 auto; padding: 20px; background-color: #ffffff;\">\n<div style=\"background: linear-gradient(180deg, #fff7f9 0%, #ffffff 100%); padding: 60px 20px; text-align: center; border-radius: 20px; box-shadow: 0 2px 8px rgba(0,0,0,0.05); margin-bottom: 40px;\">\n<h1 style=\"font-family: 'Poppins', sans-serif; font-size: 36px; font-weight: bold; color: #d67f85; margin-bottom: 10px;\">Pol\u00edtica de Privacidade | Seguran\u00e7a de seus dados<\/h1>\n<p style=\"font-size: 16px; color: #666;\">Valorizamos sua privacidade tanto quanto valorizamos nossas bonecas. Sua confian\u00e7a \u00e9 fundamental para n\u00f3s \ud83c\udf37<\/p>\n<\/p><\/div>\n<h2 style=\"font-size: 26px; font-weight: 600; color: #e59ca0; border-bottom: 2px solid #f8e8ec; padding-bottom: 10px; margin-bottom: 20px;\"><span style=\"font-weight: bold;\">Pol\u00edtica de Privacidade | Cottonland<\/span><\/h2>\n<p>Na Cottonland, levamos a s\u00e9rio sua seguran\u00e7a on-line. Este documento explica quais informa\u00e7\u00f5es coletamos quando voc\u00ea visita nosso site, como as usamos e como as protegemos. Ao usar nosso site, voc\u00ea concorda com os termos descritos abaixo.<\/p>\n<hr style=\"margin-top: 25px; margin-bottom: 25px; border: 0; border-top: 2px solid #f8e8ec;\" \/>\n<h3 style=\"font-size: 22px; color: #e59ca0; font-weight: bold; margin-top: 0; margin-bottom: 15px;\">\ud83c\udf38 <span style=\"font-weight: bold;\">As informa\u00e7\u00f5es coletadas pela Cottonland<\/span><\/h3>\n<p>Coletamos informa\u00e7\u00f5es para nos ajudar a proporcionar uma experi\u00eancia de compra perfeita. Essas informa\u00e7\u00f5es s\u00e3o coletadas de duas maneiras:<\/p>\n<p style=\"font-weight: bold; color: #d67f85; margin-top: 20px;\">Informa\u00e7\u00f5es de identifica\u00e7\u00e3o pessoal (PII):<\/p>\n<p>Essas s\u00e3o informa\u00e7\u00f5es exclusivas do usu\u00e1rio, que ele fornece ao se registrar ou fazer um pedido:<\/p>\n<ul style=\"padding-left: 25px; margin-top: 10px;\">\n<li><span style=\"font-weight: bold;\">Contato e detalhes da conta:<\/span> Nome, endere\u00e7o de e-mail, n\u00famero de telefone e senha.<\/li>\n<li><span style=\"font-weight: bold;\">Remessa e faturamento:<\/span> Endere\u00e7o, c\u00f3digo postal, cidade e pa\u00eds.<\/li>\n<li><span style=\"font-weight: bold;\">Informa\u00e7\u00f5es de pagamento:<\/span> Processados de forma segura por gateways de pagamento de terceiros (n\u00e3o armazenamos detalhes de pagamento confidenciais diretamente em nossos servidores).<\/li>\n<\/ul>\n<p style=\"font-weight: bold; color: #d67f85; margin-top: 20px;\">Informa\u00e7\u00f5es n\u00e3o pessoalmente identific\u00e1veis (Non-PII):<\/p>\n<p>Essas informa\u00e7\u00f5es s\u00e3o agregadas e compiladas usando tecnologias como cookies para entender o tr\u00e1fego e as prefer\u00eancias dos visitantes, o que nos ajuda a aprimorar o site.<\/p>\n<hr style=\"margin-top: 25px; margin-bottom: 25px; border: 0; border-top: 2px solid #f8e8ec;\" \/>\n<h3 style=\"font-size: 22px; color: #e59ca0; font-weight: bold; margin-top: 0; margin-bottom: 15px;\">\ud83d\udc96 <span style=\"font-weight: bold;\">O uso de suas informa\u00e7\u00f5es<\/span><\/h3>\n<p>Usamos as informa\u00e7\u00f5es coletadas estritamente para as seguintes finalidades:<\/p>\n<ul style=\"padding-left: 25px; margin-top: 10px;\">\n<li><span style=\"font-weight: bold;\">Atendimento de pedidos:<\/span> Para processar e entregar seu pacote com sucesso por meio de nossos parceiros de remessa.<\/li>\n<li><span style=\"font-weight: bold;\">Usabilidade do site:<\/span> Para facilitar o uso do site, n\u00e3o exigindo que voc\u00ea insira as mesmas informa\u00e7\u00f5es v\u00e1rias vezes.<\/li>\n<li><span style=\"font-weight: bold;\">Cria\u00e7\u00e3o de conte\u00fado:<\/span> Para nos ajudar a criar conte\u00fado e produtos que sejam mais relevantes para seus interesses.<\/li>\n<li><span style=\"font-weight: bold;\">Comunica\u00e7\u00e3o:<\/span> Para alert\u00e1-lo sobre novos produtos, servi\u00e7os, vendas e promo\u00e7\u00f5es especiais que oferecemos.<\/li>\n<li><span style=\"font-weight: bold;\">Problemas no processamento de pedidos:<\/span> Se encontrarmos um problema com o seu pedido, usaremos as informa\u00e7\u00f5es pessoais fornecidas (telefone ou e-mail) para entrar em contato imediatamente.<\/li>\n<\/ul>\n<hr style=\"margin-top: 25px; margin-bottom: 25px; border: 0; border-top: 2px solid #f8e8ec;\" \/>\n<h3 style=\"font-size: 22px; color: #e59ca0; font-weight: bold; margin-top: 0; margin-bottom: 15px;\">\ud83d\udce7 <span style=\"font-weight: bold;\">Endere\u00e7os de e-mail e boletins informativos<\/span><\/h3>\n<p>Ao se registrar ou fazer um pedido, voc\u00ea poder\u00e1 receber avisos promocionais e boletins informativos. Sua participa\u00e7\u00e3o no recebimento desses avisos \u00e9 volunt\u00e1ria.<\/p>\n<p style=\"font-weight: bold; color: #d67f85; margin-top: 20px;\">Conte\u00fado de e-mail que enviamos:<\/p>\n<ul style=\"padding-left: 25px; margin-top: 10px;\">\n<li>Correio eletr\u00f4nico de transa\u00e7\u00f5es (confirma\u00e7\u00e3o de pedidos, recibos de pagamento).<\/li>\n<li>Notifica\u00e7\u00e3o de envio com informa\u00e7\u00f5es de rastreamento.<\/li>\n<li>Atualiza\u00e7\u00f5es promocionais, ofertas semanais e an\u00fancios de atividades.<\/li>\n<\/ul>\n<p style=\"font-weight: bold; color: #d67f85; margin-top: 20px;\">Como cancelar a assinatura:<\/p>\n<p>Voc\u00ea pode cancelar a assinatura de boletins promocionais a qualquer momento usando o link dedicado fornecido na parte inferior de qualquer boletim informativo por e-mail ou ajustando as configura\u00e7\u00f5es de assinatura na \u00e1rea da sua conta pessoal ap\u00f3s o login.<\/p>\n<hr style=\"margin-top: 25px; margin-bottom: 25px; border: 0; border-top: 2px solid #f8e8ec;\" \/>\n<h3 style=\"font-size: 22px; color: #e59ca0; font-weight: bold; margin-top: 0; margin-bottom: 15px;\">\ud83d\udd12 <span style=\"font-weight: bold;\">Seguran\u00e7a da privacidade e compartilhamento de informa\u00e7\u00f5es<\/span><\/h3>\n<p>Estamos profundamente comprometidos com a prote\u00e7\u00e3o de sua privacidade. Aderimos aos seguintes princ\u00edpios rigorosos:<\/p>\n<p style=\"font-weight: bold; color: #d67f85; margin-top: 20px;\">N\u00e3o h\u00e1 venda de informa\u00e7\u00f5es:<\/p>\n<p>N\u00f3s iremos <span style=\"font-weight: bold;\">n\u00e3o<\/span> vender, trocar ou alugar seus <span style=\"font-weight: bold;\">Informa\u00e7\u00f5es de identifica\u00e7\u00e3o pessoal<\/span> a outras empresas como parte de nosso curso normal de neg\u00f3cios.<\/p>\n<p style=\"font-weight: bold; color: #d67f85; margin-top: 20px;\">Medidas de seguran\u00e7a:<\/p>\n<p>Usamos a mais recente tecnologia de criptografia para proteger seus dados. Todos os funcion\u00e1rios contratados pela Cottonland devem assinar um rigoroso contrato de confidencialidade que os pro\u00edbe de divulgar quaisquer informa\u00e7\u00f5es de clientes a indiv\u00edduos ou entidades n\u00e3o autorizados.<\/p>\n<p style=\"font-weight: bold; color: #d67f85; margin-top: 20px;\">Compartilhamento necess\u00e1rio:<\/p>\n<p>Compartilhamos apenas as informa\u00e7\u00f5es necess\u00e1rias com terceiros confi\u00e1veis para atender \u00e0s suas solicita\u00e7\u00f5es de servi\u00e7o:<\/p>\n<ul style=\"padding-left: 25px; margin-top: 10px;\">\n<li><span style=\"font-weight: bold;\">Empresas de transporte mar\u00edtimo:<\/span> Compartilhe seu endere\u00e7o e n\u00famero de telefone para garantir que seu pacote seja entregue.<\/li>\n<li><span style=\"font-weight: bold;\">Processadores de pagamento:<\/span> Compartilhar detalhes de pagamento de forma segura para validar e processar sua transa\u00e7\u00e3o.<\/li>\n<\/ul>\n<hr style=\"margin-top: 25px; margin-bottom: 25px; border: 0; border-top: 2px solid #f8e8ec;\" \/>\n<p style=\"text-align: center; color: #d67f85; font-weight: 600; font-size: 18px;\">Se tiver alguma d\u00favida sobre a nossa Pol\u00edtica de Privacidade, entre em contato conosco pelo e-mail <a style=\"color: #d67f85; text-decoration: none;\" href=\"mailto:cottonland0920@gmail.com\">cottonland0920@gmail.com<\/a>. Obrigado por comprar na Cottonland! \u2764\ufe0f<\/p>\n<\/div>\n\n\t\t\t\t\t<\/div>\n\t\t\t\t\t\t<\/div>\n\t\t\t\t<\/div>\n\t\t\t\t\t<\/div>\n\t\t\t\t<\/div>\n\t\t\t\t<\/div>","protected":false},"excerpt":{"rendered":"<p>Privacy Policy | Your Data Safety We value your privacy as much as we value our dolls. Your trust is<\/p>","protected":false},"author":1,"featured_media":0,"parent":0,"menu_order":0,"comment_status":"closed","ping_status":"closed","template":"","meta":{"footnotes":""},"class_list":["post-30855","page","type-page","status-publish","hentry"],"jetpack_sharing_enabled":true,"_links":{"self":[{"href":"https:\/\/cottonland.shop\/pt\/wp-json\/wp\/v2\/pages\/30855","targetHints":{"allow":["GET"]}}],"collection":[{"href":"https:\/\/cottonland.shop\/pt\/wp-json\/wp\/v2\/pages"}],"about":[{"href":"https:\/\/cottonland.shop\/pt\/wp-json\/wp\/v2\/types\/page"}],"author":[{"embeddable":true,"href":"https:\/\/cottonland.shop\/pt\/wp-json\/wp\/v2\/users\/1"}],"replies":[{"embeddable":true,"href":"https:\/\/cottonland.shop\/pt\/wp-json\/wp\/v2\/comments?post=30855"}],"version-history":[{"count":0,"href":"https:\/\/cottonland.shop\/pt\/wp-json\/wp\/v2\/pages\/30855\/revisions"}],"wp:attachment":[{"href":"https:\/\/cottonland.shop\/pt\/wp-json\/wp\/v2\/media?parent=30855"}],"curies":[{"name":"wp","href":"https:\/\/api.w.org\/{rel}","templated":true}]}}