{"id":216,"date":"2023-06-15T12:52:28","date_gmt":"2023-06-15T12:52:28","guid":{"rendered":"https:\/\/dummy.xtemos.com\/woodmart2\/kids-elementor\/?post_type=product&#038;p=216"},"modified":"2025-11-17T04:18:22","modified_gmt":"2025-11-17T04:18:22","slug":"haha-20cm-doll","status":"publish","type":"product","link":"https:\/\/cottonland.shop\/pt\/produto\/haha-20cm-doll\/","title":{"rendered":"Boneca de algod\u00e3o Haha de 20 cm"},"content":{"rendered":"","protected":false},"excerpt":{"rendered":"<p class=\"ds-markdown-paragraph\"><strong>Tempo de processamento:<\/strong>\u00a04-7 dias<br \/>\n<strong>Nome do produto:<\/strong> Boneca Luna 20cm<br \/>\n<strong>Marca:<\/strong> BuYouBuYou<br \/>\n<strong>Esse pre\u00e7o \u00e9 para uma boneca nua de 20 cm com caixa de presente e certid\u00e3o de nascimento.<\/strong><\/p>\n<p class=\"ds-markdown-paragraph\"><strong>Material:<\/strong>\u00a0Veludo cristal, preenchido com algod\u00e3o PP<br \/>\n<strong>Altura:<\/strong>\u00a020 cm<br \/>\n<strong>Possibilidade de posar:<\/strong>\u00a0Sim, com esqueleto de arame dobr\u00e1vel<br \/>\n<strong>Caracter\u00edsticas:<\/strong>\u00a0Rosto de desenho animado, corpo que pode ser colocado em pose, inclui caixa de presente e certificado de nascimento<br \/>\n<strong>Cor do cabelo:<\/strong>\u00a0Preto<\/p>","protected":false},"featured_media":30812,"comment_status":"open","ping_status":"closed","template":"","meta":[],"product_brand":[],"product_cat":[116,85],"product_tag":[],"class_list":{"0":"post-216","1":"product","2":"type-product","3":"status-publish","4":"has-post-thumbnail","6":"product_cat-cotton-dolls","7":"product_cat-20cm-dolls","9":"first","10":"instock","11":"shipping-taxable","12":"purchasable","13":"product-type-simple"},"jetpack_sharing_enabled":true,"_links":{"self":[{"href":"https:\/\/cottonland.shop\/pt\/wp-json\/wp\/v2\/product\/216","targetHints":{"allow":["GET"]}}],"collection":[{"href":"https:\/\/cottonland.shop\/pt\/wp-json\/wp\/v2\/product"}],"about":[{"href":"https:\/\/cottonland.shop\/pt\/wp-json\/wp\/v2\/types\/product"}],"replies":[{"embeddable":true,"href":"https:\/\/cottonland.shop\/pt\/wp-json\/wp\/v2\/comments?post=216"}],"version-history":[{"count":0,"href":"https:\/\/cottonland.shop\/pt\/wp-json\/wp\/v2\/product\/216\/revisions"}],"wp:featuredmedia":[{"embeddable":true,"href":"https:\/\/cottonland.shop\/pt\/wp-json\/wp\/v2\/media\/30812"}],"wp:attachment":[{"href":"https:\/\/cottonland.shop\/pt\/wp-json\/wp\/v2\/media?parent=216"}],"wp:term":[{"taxonomy":"product_brand","embeddable":true,"href":"https:\/\/cottonland.shop\/pt\/wp-json\/wp\/v2\/product_brand?post=216"},{"taxonomy":"product_cat","embeddable":true,"href":"https:\/\/cottonland.shop\/pt\/wp-json\/wp\/v2\/product_cat?post=216"},{"taxonomy":"product_tag","embeddable":true,"href":"https:\/\/cottonland.shop\/pt\/wp-json\/wp\/v2\/product_tag?post=216"}],"curies":[{"name":"wp","href":"https:\/\/api.w.org\/{rel}","templated":true}]}}