{"id":270,"date":"2025-06-15T12:52:41","date_gmt":"2025-06-15T12:52:41","guid":{"rendered":"https:\/\/dummy.xtemos.com\/woodmart2\/kids-elementor\/?post_type=product&#038;p=270"},"modified":"2025-11-12T01:30:32","modified_gmt":"2025-11-12T01:30:32","slug":"love-and-deepspace-sylus-40cm-cotton-doll","status":"publish","type":"product","link":"https:\/\/cottonland.shop\/pt\/produto\/love-and-deepspace-sylus-40cm-cotton-doll\/","title":{"rendered":"Love and Deepspace - Boneca de algod\u00e3o Sylus de 40 cm"},"content":{"rendered":"","protected":false},"excerpt":{"rendered":"<p class=\"ds-markdown-paragraph\"><strong>Tempo de processamento: 1 semana<\/strong><br \/>\n<strong>Nome: [Love and Deepspace - Sylus 40cm Doll]<\/strong><br \/>\n<strong>Esse pre\u00e7o \u00e9 apenas para uma boneca nua de 40 cm. Os trajes s\u00e3o vendidos separadamente.<\/strong><\/p>\n<p class=\"ds-markdown-paragraph\"><strong>Material:<\/strong>\u00a0Pel\u00facia curta, com enchimento de algod\u00e3o PP<br \/>\n<strong>Altura:<\/strong>\u00a040 cm<br \/>\n<strong>Postura:<\/strong>\u00a0Sentado<br \/>\n<strong>Caracter\u00edsticas:<\/strong>\u00a0Cara de desenho animado<\/p>\n<p class=\"ds-markdown-paragraph\"><strong>IMPORTANTE: Este \u00e9 um item feito sob medida. Todas as vendas s\u00e3o FINAIS. N\u00e3o s\u00e3o aceitas devolu\u00e7\u00f5es ou reembolsos. Leia atentamente os detalhes do produto antes de comprar.<\/strong><\/p>","protected":false},"featured_media":29292,"comment_status":"open","ping_status":"closed","template":"","meta":[],"product_brand":[112],"product_cat":[116,88],"product_tag":[],"class_list":{"0":"post-270","1":"product","2":"type-product","3":"status-publish","4":"has-post-thumbnail","6":"product_brand-love-and-deepspace","7":"product_cat-cotton-dolls","8":"product_cat-40cm-dolls","9":"product_shipping_class-customized-products-non-returnable","11":"first","12":"instock","13":"shipping-taxable","14":"purchasable","15":"product-type-simple"},"jetpack_sharing_enabled":true,"_links":{"self":[{"href":"https:\/\/cottonland.shop\/pt\/wp-json\/wp\/v2\/product\/270","targetHints":{"allow":["GET"]}}],"collection":[{"href":"https:\/\/cottonland.shop\/pt\/wp-json\/wp\/v2\/product"}],"about":[{"href":"https:\/\/cottonland.shop\/pt\/wp-json\/wp\/v2\/types\/product"}],"replies":[{"embeddable":true,"href":"https:\/\/cottonland.shop\/pt\/wp-json\/wp\/v2\/comments?post=270"}],"version-history":[{"count":0,"href":"https:\/\/cottonland.shop\/pt\/wp-json\/wp\/v2\/product\/270\/revisions"}],"wp:featuredmedia":[{"embeddable":true,"href":"https:\/\/cottonland.shop\/pt\/wp-json\/wp\/v2\/media\/29292"}],"wp:attachment":[{"href":"https:\/\/cottonland.shop\/pt\/wp-json\/wp\/v2\/media?parent=270"}],"wp:term":[{"taxonomy":"product_brand","embeddable":true,"href":"https:\/\/cottonland.shop\/pt\/wp-json\/wp\/v2\/product_brand?post=270"},{"taxonomy":"product_cat","embeddable":true,"href":"https:\/\/cottonland.shop\/pt\/wp-json\/wp\/v2\/product_cat?post=270"},{"taxonomy":"product_tag","embeddable":true,"href":"https:\/\/cottonland.shop\/pt\/wp-json\/wp\/v2\/product_tag?post=270"}],"curies":[{"name":"wp","href":"https:\/\/api.w.org\/{rel}","templated":true}]}}