{"id":278,"date":"2023-06-15T12:52:41","date_gmt":"2023-06-15T12:52:41","guid":{"rendered":"https:\/\/dummy.xtemos.com\/woodmart2\/kids-elementor\/?post_type=product&#038;p=278"},"modified":"2025-11-17T04:12:40","modified_gmt":"2025-11-17T04:12:40","slug":"love-and-deepspace-little-zayne-20cm-cotton-doll","status":"publish","type":"product","link":"https:\/\/cottonland.shop\/pt\/produto\/love-and-deepspace-little-zayne-20cm-cotton-doll\/","title":{"rendered":"Love and Deepspace - Boneca de algod\u00e3o de 20 cm da pequena Zayne"},"content":{"rendered":"","protected":false},"excerpt":{"rendered":"<p class=\"ds-markdown-paragraph\"><strong>Tempo de processamento:<\/strong> 4-7 dias<br \/>\n<strong>Nome do produto:<\/strong>\u00a0Boneca Little Zayne 20cm Love and Deepspace<br \/>\n<strong>Esse pre\u00e7o \u00e9 apenas para uma boneca nua de 20 cm. Os trajes s\u00e3o vendidos separadamente.<\/strong><\/p>\n<p class=\"ds-markdown-paragraph\"><strong>Material:<\/strong>\u00a0Veludo cristal, algod\u00e3o com enchimento<br \/>\n<strong>Altura:<\/strong>\u00a020 cm<br \/>\n<strong>Possibilidade de posar:<\/strong>\u00a0Sim, com esqueleto de arame dobr\u00e1vel<br \/>\n<strong>Caracter\u00edsticas:<\/strong>\u00a0Rosto de desenho animado, corpo com pose<br \/>\n<strong>Cor do cabelo:<\/strong>\u00a0Preto<\/p>","protected":false},"featured_media":30816,"comment_status":"open","ping_status":"closed","template":"","meta":[],"product_brand":[112],"product_cat":[116,85],"product_tag":[],"class_list":{"0":"post-278","1":"product","2":"type-product","3":"status-publish","4":"has-post-thumbnail","6":"product_brand-love-and-deepspace","7":"product_cat-cotton-dolls","8":"product_cat-20cm-dolls","9":"product_shipping_class-standard-products","11":"first","12":"instock","13":"shipping-taxable","14":"purchasable","15":"product-type-simple"},"jetpack_sharing_enabled":true,"_links":{"self":[{"href":"https:\/\/cottonland.shop\/pt\/wp-json\/wp\/v2\/product\/278","targetHints":{"allow":["GET"]}}],"collection":[{"href":"https:\/\/cottonland.shop\/pt\/wp-json\/wp\/v2\/product"}],"about":[{"href":"https:\/\/cottonland.shop\/pt\/wp-json\/wp\/v2\/types\/product"}],"replies":[{"embeddable":true,"href":"https:\/\/cottonland.shop\/pt\/wp-json\/wp\/v2\/comments?post=278"}],"version-history":[{"count":0,"href":"https:\/\/cottonland.shop\/pt\/wp-json\/wp\/v2\/product\/278\/revisions"}],"wp:featuredmedia":[{"embeddable":true,"href":"https:\/\/cottonland.shop\/pt\/wp-json\/wp\/v2\/media\/30816"}],"wp:attachment":[{"href":"https:\/\/cottonland.shop\/pt\/wp-json\/wp\/v2\/media?parent=278"}],"wp:term":[{"taxonomy":"product_brand","embeddable":true,"href":"https:\/\/cottonland.shop\/pt\/wp-json\/wp\/v2\/product_brand?post=278"},{"taxonomy":"product_cat","embeddable":true,"href":"https:\/\/cottonland.shop\/pt\/wp-json\/wp\/v2\/product_cat?post=278"},{"taxonomy":"product_tag","embeddable":true,"href":"https:\/\/cottonland.shop\/pt\/wp-json\/wp\/v2\/product_tag?post=278"}],"curies":[{"name":"wp","href":"https:\/\/api.w.org\/{rel}","templated":true}]}}