{"id":288,"date":"2023-06-15T12:52:41","date_gmt":"2023-06-15T12:52:41","guid":{"rendered":"https:\/\/dummy.xtemos.com\/woodmart2\/kids-elementor\/?post_type=product&#038;p=288"},"modified":"2025-11-17T04:00:23","modified_gmt":"2025-11-17T04:00:23","slug":"forest-leggings","status":"publish","type":"product","link":"https:\/\/cottonland.shop\/pt\/produto\/forest-leggings\/","title":{"rendered":"Conjunto de cinco pe\u00e7as Prince Rose para boneca de algod\u00e3o de 20 cm"},"content":{"rendered":"","protected":false},"excerpt":{"rendered":"<p class=\"ds-markdown-paragraph\"><strong>Tempo de processamento:<\/strong>\u00a03-5 dias<br \/>\n<strong>Nome do produto:<\/strong>\u00a0Roupa de boneca Prince Rose 20cm<br \/>\n<strong>Marca:<\/strong> BuYouBuYou<br \/>\n<strong>Compatibilidade:<\/strong>\u00a0Adapta-se \u00e0 maioria das bonecas de 20 cm com postura ereta.<\/p>\n<p class=\"ds-markdown-paragraph\"><strong>Material:<\/strong>\u00a0Tecido de alta qualidade<br \/>\n<strong>Tema:<\/strong>\u00a0Realeza e eleg\u00e2ncia<br \/>\n<strong>Detalhes:<\/strong>\u00a0D\u00ea um toque de eleg\u00e2ncia de conto de fadas \u00e0 sua cole\u00e7\u00e3o. Esse conjunto real \u00e9 digno de um pr\u00edncipe, com detalhes nobres.<\/p>\n<p class=\"ds-markdown-paragraph\"><strong>Observa\u00e7\u00e3o:<\/strong>\u00a0Apenas o traje. A boneca n\u00e3o est\u00e1 inclu\u00edda.<\/p>","protected":false},"featured_media":30798,"comment_status":"open","ping_status":"closed","template":"","meta":[],"product_brand":[],"product_cat":[117,83],"product_tag":[],"class_list":{"0":"post-288","1":"product","2":"type-product","3":"status-publish","4":"has-post-thumbnail","6":"product_cat-doll-outfits-accessories","7":"product_cat-20cm-doll-outfit","8":"product_shipping_class-standard-products","10":"first","11":"instock","12":"shipping-taxable","13":"purchasable","14":"product-type-simple"},"jetpack_sharing_enabled":true,"_links":{"self":[{"href":"https:\/\/cottonland.shop\/pt\/wp-json\/wp\/v2\/product\/288","targetHints":{"allow":["GET"]}}],"collection":[{"href":"https:\/\/cottonland.shop\/pt\/wp-json\/wp\/v2\/product"}],"about":[{"href":"https:\/\/cottonland.shop\/pt\/wp-json\/wp\/v2\/types\/product"}],"replies":[{"embeddable":true,"href":"https:\/\/cottonland.shop\/pt\/wp-json\/wp\/v2\/comments?post=288"}],"version-history":[{"count":0,"href":"https:\/\/cottonland.shop\/pt\/wp-json\/wp\/v2\/product\/288\/revisions"}],"wp:featuredmedia":[{"embeddable":true,"href":"https:\/\/cottonland.shop\/pt\/wp-json\/wp\/v2\/media\/30798"}],"wp:attachment":[{"href":"https:\/\/cottonland.shop\/pt\/wp-json\/wp\/v2\/media?parent=288"}],"wp:term":[{"taxonomy":"product_brand","embeddable":true,"href":"https:\/\/cottonland.shop\/pt\/wp-json\/wp\/v2\/product_brand?post=288"},{"taxonomy":"product_cat","embeddable":true,"href":"https:\/\/cottonland.shop\/pt\/wp-json\/wp\/v2\/product_cat?post=288"},{"taxonomy":"product_tag","embeddable":true,"href":"https:\/\/cottonland.shop\/pt\/wp-json\/wp\/v2\/product_tag?post=288"}],"curies":[{"name":"wp","href":"https:\/\/api.w.org\/{rel}","templated":true}]}}