{"id":30396,"date":"2025-11-14T19:19:26","date_gmt":"2025-11-14T19:19:26","guid":{"rendered":"https:\/\/cottonland.shop\/?post_type=product&#038;p=30396"},"modified":"2025-11-20T20:44:57","modified_gmt":"2025-11-20T20:44:57","slug":"denim-cool-kid-20cm-doll-outfit","status":"publish","type":"product","link":"https:\/\/cottonland.shop\/pt\/produto\/denim-cool-kid-20cm-doll-outfit\/","title":{"rendered":"Conjunto de cinco pe\u00e7as Blue &amp; Black Street Cool para boneca de algod\u00e3o de 20 cm"},"content":{"rendered":"","protected":false},"excerpt":{"rendered":"<p data-start=\"134\" data-end=\"226\"><strong data-start=\"134\" data-end=\"154\">Tempo de processamento:<\/strong> <strong data-start=\"155\" data-end=\"167\">5 a 7 dias<\/strong><br data-start=\"167\" data-end=\"170\" \/><strong data-start=\"170\" data-end=\"188\">Compatibilidade:<\/strong> Adapta-se \u00e0 maioria das bonecas de 20 cm com postura ereta.<\/p>\n<p data-start=\"228\" data-end=\"538\"><strong data-start=\"228\" data-end=\"246\">Artesanato:<\/strong> Artesanato de alta qualidade feito \u00e0 m\u00e3o<br data-start=\"278\" data-end=\"281\" \/><strong data-start=\"281\" data-end=\"293\">Detalhes:<\/strong> Esse traje ousado de estilo de rua \u00e9 perfeito para bonecas que querem se destacar com uma mistura de tons de preto e azul. O Conjunto de Cinco Pe\u00e7as inclui tudo o que \u00e9 necess\u00e1rio para um visual moderno e descolado, enquanto o Conjunto de Quatro Pe\u00e7as remove o chap\u00e9u para um estilo mais simples.<\/p>\n<p data-start=\"540\" data-end=\"584\"><strong data-start=\"540\" data-end=\"549\">Observa\u00e7\u00e3o:<\/strong> Apenas o traje. A boneca n\u00e3o est\u00e1 inclu\u00edda.<\/p>","protected":false},"featured_media":30042,"comment_status":"open","ping_status":"closed","template":"","meta":[],"product_brand":[],"product_cat":[117,83],"product_tag":[],"class_list":{"0":"post-30396","1":"product","2":"type-product","3":"status-publish","4":"has-post-thumbnail","6":"product_cat-doll-outfits-accessories","7":"product_cat-20cm-doll-outfit","9":"first","10":"instock","11":"shipping-taxable","12":"purchasable","13":"product-type-variable"},"jetpack_sharing_enabled":true,"_links":{"self":[{"href":"https:\/\/cottonland.shop\/pt\/wp-json\/wp\/v2\/product\/30396","targetHints":{"allow":["GET"]}}],"collection":[{"href":"https:\/\/cottonland.shop\/pt\/wp-json\/wp\/v2\/product"}],"about":[{"href":"https:\/\/cottonland.shop\/pt\/wp-json\/wp\/v2\/types\/product"}],"replies":[{"embeddable":true,"href":"https:\/\/cottonland.shop\/pt\/wp-json\/wp\/v2\/comments?post=30396"}],"version-history":[{"count":0,"href":"https:\/\/cottonland.shop\/pt\/wp-json\/wp\/v2\/product\/30396\/revisions"}],"wp:featuredmedia":[{"embeddable":true,"href":"https:\/\/cottonland.shop\/pt\/wp-json\/wp\/v2\/media\/30042"}],"wp:attachment":[{"href":"https:\/\/cottonland.shop\/pt\/wp-json\/wp\/v2\/media?parent=30396"}],"wp:term":[{"taxonomy":"product_brand","embeddable":true,"href":"https:\/\/cottonland.shop\/pt\/wp-json\/wp\/v2\/product_brand?post=30396"},{"taxonomy":"product_cat","embeddable":true,"href":"https:\/\/cottonland.shop\/pt\/wp-json\/wp\/v2\/product_cat?post=30396"},{"taxonomy":"product_tag","embeddable":true,"href":"https:\/\/cottonland.shop\/pt\/wp-json\/wp\/v2\/product_tag?post=30396"}],"curies":[{"name":"wp","href":"https:\/\/api.w.org\/{rel}","templated":true}]}}