{"id":30441,"date":"2025-11-15T23:39:55","date_gmt":"2025-11-15T23:39:55","guid":{"rendered":"https:\/\/cottonland.shop\/?post_type=product&#038;p=30441"},"modified":"2025-11-20T21:30:19","modified_gmt":"2025-11-20T21:30:19","slug":"circus-series-five-pieces-set-for-10cm-cotton-doll","status":"publish","type":"product","link":"https:\/\/cottonland.shop\/pt\/produto\/circus-series-five-pieces-set-for-10cm-cotton-doll\/","title":{"rendered":"Conjunto de cinco pe\u00e7as da s\u00e9rie Circus para boneca de algod\u00e3o de 10 cm"},"content":{"rendered":"","protected":false},"excerpt":{"rendered":"<p data-start=\"198\" data-end=\"290\"><strong data-start=\"198\" data-end=\"218\">Tempo de processamento:<\/strong> <strong data-start=\"219\" data-end=\"231\">5 a 7 dias<\/strong><br data-start=\"231\" data-end=\"234\" \/><strong data-start=\"234\" data-end=\"252\">Compatibilidade:<\/strong> Adapta-se \u00e0 maioria das bonecas de 10 cm com postura ereta.<\/p>\n<p data-start=\"292\" data-end=\"644\"><strong data-start=\"292\" data-end=\"310\">Artesanato:<\/strong> Artesanato de alta qualidade feito \u00e0 m\u00e3o<br data-start=\"342\" data-end=\"345\" \/><strong data-start=\"345\" data-end=\"357\">Detalhes:<\/strong> A Circus Series traz um charme l\u00fadico para suas minibonecas! As <strong data-start=\"421\" data-end=\"443\">Conjunto de elefante de pel\u00facia<\/strong> apresenta uma roupa divertida e fofa com tema de elefante, enquanto o <strong data-start=\"504\" data-end=\"522\">Conjunto Sheep Mafu<\/strong> oferece um visual suave e ador\u00e1vel inspirado em ovelhas. Os dois conjuntos foram projetados para encantar e acrescentar capricho \u00e0 sua cole\u00e7\u00e3o de bonecas.<\/p>\n<p data-start=\"646\" data-end=\"690\"><strong data-start=\"646\" data-end=\"655\">Observa\u00e7\u00e3o:<\/strong> Apenas o traje. A boneca n\u00e3o est\u00e1 inclu\u00edda.<\/p>","protected":false},"featured_media":30068,"comment_status":"open","ping_status":"closed","template":"","meta":[],"product_brand":[],"product_cat":[117,81],"product_tag":[],"class_list":{"0":"post-30441","1":"product","2":"type-product","3":"status-publish","4":"has-post-thumbnail","6":"product_cat-doll-outfits-accessories","7":"product_cat-10cm-doll-outfit","9":"first","10":"instock","11":"shipping-taxable","12":"purchasable","13":"product-type-variable"},"jetpack_sharing_enabled":true,"_links":{"self":[{"href":"https:\/\/cottonland.shop\/pt\/wp-json\/wp\/v2\/product\/30441","targetHints":{"allow":["GET"]}}],"collection":[{"href":"https:\/\/cottonland.shop\/pt\/wp-json\/wp\/v2\/product"}],"about":[{"href":"https:\/\/cottonland.shop\/pt\/wp-json\/wp\/v2\/types\/product"}],"replies":[{"embeddable":true,"href":"https:\/\/cottonland.shop\/pt\/wp-json\/wp\/v2\/comments?post=30441"}],"version-history":[{"count":0,"href":"https:\/\/cottonland.shop\/pt\/wp-json\/wp\/v2\/product\/30441\/revisions"}],"wp:featuredmedia":[{"embeddable":true,"href":"https:\/\/cottonland.shop\/pt\/wp-json\/wp\/v2\/media\/30068"}],"wp:attachment":[{"href":"https:\/\/cottonland.shop\/pt\/wp-json\/wp\/v2\/media?parent=30441"}],"wp:term":[{"taxonomy":"product_brand","embeddable":true,"href":"https:\/\/cottonland.shop\/pt\/wp-json\/wp\/v2\/product_brand?post=30441"},{"taxonomy":"product_cat","embeddable":true,"href":"https:\/\/cottonland.shop\/pt\/wp-json\/wp\/v2\/product_cat?post=30441"},{"taxonomy":"product_tag","embeddable":true,"href":"https:\/\/cottonland.shop\/pt\/wp-json\/wp\/v2\/product_tag?post=30441"}],"curies":[{"name":"wp","href":"https:\/\/api.w.org\/{rel}","templated":true}]}}