{"id":30442,"date":"2025-11-15T23:45:21","date_gmt":"2025-11-15T23:45:21","guid":{"rendered":"https:\/\/cottonland.shop\/?post_type=product&#038;p=30442"},"modified":"2025-11-16T01:08:40","modified_gmt":"2025-11-16T01:08:40","slug":"witch-black-cat-two-pieces-set-for-20cm-cotton-doll","status":"publish","type":"product","link":"https:\/\/cottonland.shop\/pt\/produto\/witch-black-cat-two-pieces-set-for-20cm-cotton-doll\/","title":{"rendered":"Conjunto de duas pe\u00e7as de bruxa e gato preto para boneca de algod\u00e3o de 20 cm"},"content":{"rendered":"","protected":false},"excerpt":{"rendered":"<p data-start=\"189\" data-end=\"281\"><strong data-start=\"189\" data-end=\"209\">Tempo de processamento:<\/strong> <strong data-start=\"210\" data-end=\"222\">5 a 7 dias<\/strong><br data-start=\"222\" data-end=\"225\" \/><strong data-start=\"225\" data-end=\"243\">Compatibilidade:<\/strong> Adapta-se \u00e0 maioria das bonecas de 20 cm com postura ereta.<\/p>\n<p data-start=\"283\" data-end=\"608\"><strong data-start=\"283\" data-end=\"301\">Artesanato:<\/strong> Artesanato de alta qualidade feito \u00e0 m\u00e3o<br data-start=\"333\" data-end=\"336\" \/><strong data-start=\"336\" data-end=\"348\">Detalhes:<\/strong> O conjunto Witch &amp; Black Cat traz um toque de charme assustador! O conjunto <strong data-start=\"411\" data-end=\"428\">Conjunto do gato preto<\/strong> apresenta um traje elegante e misterioso inspirado em um felino, enquanto o <strong data-start=\"495\" data-end=\"508\">Conjunto de bruxas<\/strong> oferece um visual m\u00e1gico e encantador para sua boneca. Os dois conjuntos foram projetados para serem bonitos e m\u00edsticos.<\/p>\n<p data-start=\"610\" data-end=\"654\"><strong data-start=\"610\" data-end=\"619\">Observa\u00e7\u00e3o:<\/strong> Apenas o traje. A boneca n\u00e3o est\u00e1 inclu\u00edda.<\/p>","protected":false},"featured_media":30074,"comment_status":"open","ping_status":"closed","template":"","meta":[],"product_brand":[],"product_cat":[117,83],"product_tag":[],"class_list":{"0":"post-30442","1":"product","2":"type-product","3":"status-publish","4":"has-post-thumbnail","6":"product_cat-doll-outfits-accessories","7":"product_cat-20cm-doll-outfit","9":"first","10":"instock","11":"shipping-taxable","12":"purchasable","13":"product-type-variable"},"jetpack_sharing_enabled":true,"_links":{"self":[{"href":"https:\/\/cottonland.shop\/pt\/wp-json\/wp\/v2\/product\/30442","targetHints":{"allow":["GET"]}}],"collection":[{"href":"https:\/\/cottonland.shop\/pt\/wp-json\/wp\/v2\/product"}],"about":[{"href":"https:\/\/cottonland.shop\/pt\/wp-json\/wp\/v2\/types\/product"}],"replies":[{"embeddable":true,"href":"https:\/\/cottonland.shop\/pt\/wp-json\/wp\/v2\/comments?post=30442"}],"version-history":[{"count":0,"href":"https:\/\/cottonland.shop\/pt\/wp-json\/wp\/v2\/product\/30442\/revisions"}],"wp:featuredmedia":[{"embeddable":true,"href":"https:\/\/cottonland.shop\/pt\/wp-json\/wp\/v2\/media\/30074"}],"wp:attachment":[{"href":"https:\/\/cottonland.shop\/pt\/wp-json\/wp\/v2\/media?parent=30442"}],"wp:term":[{"taxonomy":"product_brand","embeddable":true,"href":"https:\/\/cottonland.shop\/pt\/wp-json\/wp\/v2\/product_brand?post=30442"},{"taxonomy":"product_cat","embeddable":true,"href":"https:\/\/cottonland.shop\/pt\/wp-json\/wp\/v2\/product_cat?post=30442"},{"taxonomy":"product_tag","embeddable":true,"href":"https:\/\/cottonland.shop\/pt\/wp-json\/wp\/v2\/product_tag?post=30442"}],"curies":[{"name":"wp","href":"https:\/\/api.w.org\/{rel}","templated":true}]}}