{"id":30443,"date":"2025-11-15T23:49:35","date_gmt":"2025-11-15T23:49:35","guid":{"rendered":"https:\/\/cottonland.shop\/?post_type=product&#038;p=30443"},"modified":"2025-11-20T21:40:53","modified_gmt":"2025-11-20T21:40:53","slug":"glamorous-gold-trimmed-bunny-four-pieces-set-for-20cm-cotton-doll","status":"publish","type":"product","link":"https:\/\/cottonland.shop\/pt\/produto\/glamorous-gold-trimmed-bunny-four-pieces-set-for-20cm-cotton-doll\/","title":{"rendered":"Conjunto de quatro pe\u00e7as para boneca de algod\u00e3o de 20 cm com acabamento dourado Glamorous Bunny"},"content":{"rendered":"","protected":false},"excerpt":{"rendered":"<p data-start=\"241\" data-end=\"333\"><strong data-start=\"241\" data-end=\"261\">Tempo de processamento:<\/strong> <strong data-start=\"262\" data-end=\"274\">5 a 7 dias<\/strong><br data-start=\"274\" data-end=\"277\" \/><strong data-start=\"277\" data-end=\"295\">Compatibilidade:<\/strong> Adapta-se \u00e0 maioria das bonecas de 20 cm com postura ereta.<\/p>\n<p data-start=\"335\" data-end=\"749\"><strong data-start=\"335\" data-end=\"353\">Artesanato:<\/strong> Artesanato de alta qualidade feito \u00e0 m\u00e3o<br data-start=\"385\" data-end=\"388\" \/><strong data-start=\"388\" data-end=\"400\">Detalhes:<\/strong> O conjunto Glamorous Gold-Trimmed Bunny \u00e9 perfeito para um visual chique e divertido. O conjunto <strong data-start=\"482\" data-end=\"501\">Conjunto de quatro pe\u00e7as<\/strong> inclui todos os itens essenciais para um traje estiloso inspirado em coelhinhos, enquanto o <strong data-start=\"577\" data-end=\"596\">Conjunto de cinco pe\u00e7as<\/strong> acrescente um par de \u00f3culos elegantes para maior sofistica\u00e7\u00e3o. O <strong data-start=\"658\" data-end=\"694\">\u00d3culos de aros dourados com corrente dupla<\/strong> oferecem um acess\u00f3rio de luxo para completar o visual de sua boneca.<\/p>\n<p data-start=\"751\" data-end=\"795\"><strong data-start=\"751\" data-end=\"760\">Observa\u00e7\u00e3o:<\/strong> Apenas o traje. A boneca n\u00e3o est\u00e1 inclu\u00edda.<\/p>","protected":false},"featured_media":30081,"comment_status":"open","ping_status":"closed","template":"","meta":[],"product_brand":[],"product_cat":[117,83],"product_tag":[],"class_list":{"0":"post-30443","1":"product","2":"type-product","3":"status-publish","4":"has-post-thumbnail","6":"product_cat-doll-outfits-accessories","7":"product_cat-20cm-doll-outfit","9":"first","10":"instock","11":"shipping-taxable","12":"purchasable","13":"product-type-variable"},"jetpack_sharing_enabled":true,"_links":{"self":[{"href":"https:\/\/cottonland.shop\/pt\/wp-json\/wp\/v2\/product\/30443","targetHints":{"allow":["GET"]}}],"collection":[{"href":"https:\/\/cottonland.shop\/pt\/wp-json\/wp\/v2\/product"}],"about":[{"href":"https:\/\/cottonland.shop\/pt\/wp-json\/wp\/v2\/types\/product"}],"replies":[{"embeddable":true,"href":"https:\/\/cottonland.shop\/pt\/wp-json\/wp\/v2\/comments?post=30443"}],"version-history":[{"count":0,"href":"https:\/\/cottonland.shop\/pt\/wp-json\/wp\/v2\/product\/30443\/revisions"}],"wp:featuredmedia":[{"embeddable":true,"href":"https:\/\/cottonland.shop\/pt\/wp-json\/wp\/v2\/media\/30081"}],"wp:attachment":[{"href":"https:\/\/cottonland.shop\/pt\/wp-json\/wp\/v2\/media?parent=30443"}],"wp:term":[{"taxonomy":"product_brand","embeddable":true,"href":"https:\/\/cottonland.shop\/pt\/wp-json\/wp\/v2\/product_brand?post=30443"},{"taxonomy":"product_cat","embeddable":true,"href":"https:\/\/cottonland.shop\/pt\/wp-json\/wp\/v2\/product_cat?post=30443"},{"taxonomy":"product_tag","embeddable":true,"href":"https:\/\/cottonland.shop\/pt\/wp-json\/wp\/v2\/product_tag?post=30443"}],"curies":[{"name":"wp","href":"https:\/\/api.w.org\/{rel}","templated":true}]}}