{"id":30469,"date":"2025-11-15T23:59:26","date_gmt":"2025-11-15T23:59:26","guid":{"rendered":"https:\/\/cottonland.shop\/?post_type=product&#038;p=30469"},"modified":"2025-11-20T20:57:58","modified_gmt":"2025-11-20T20:57:58","slug":"panda-academy-seven-pieces-set-for-20cm-cotton-doll","status":"publish","type":"product","link":"https:\/\/cottonland.shop\/pt\/produto\/panda-academy-seven-pieces-set-for-20cm-cotton-doll\/","title":{"rendered":"Conjunto de sete pe\u00e7as da Panda Academy para boneca de algod\u00e3o de 20 cm"},"content":{"rendered":"","protected":false},"excerpt":{"rendered":"<p data-start=\"223\" data-end=\"315\"><strong data-start=\"223\" data-end=\"243\">Tempo de processamento:<\/strong> <strong data-start=\"244\" data-end=\"256\">5 a 7 dias<\/strong><br data-start=\"256\" data-end=\"259\" \/><strong data-start=\"259\" data-end=\"277\">Compatibilidade:<\/strong> Adapta-se \u00e0 maioria das bonecas de 20 cm com postura ereta.<\/p>\n<p data-start=\"317\" data-end=\"693\"><strong data-start=\"317\" data-end=\"335\">Artesanato:<\/strong> Artesanato de alta qualidade feito \u00e0 m\u00e3o<br data-start=\"367\" data-end=\"370\" \/><strong data-start=\"370\" data-end=\"382\">Detalhes:<\/strong> O conjunto da Panda Academy \u00e9 perfeito para um visual bonito e acad\u00eamico. O conjunto <strong data-start=\"450\" data-end=\"470\">Conjunto de sete pe\u00e7as<\/strong> oferece um traje completo inspirado em um panda, enquanto o <strong data-start=\"519\" data-end=\"539\">Conjunto de oito pe\u00e7as<\/strong> acrescenta \u00f3culos elegantes para completar o visual acad\u00eamico. O <strong data-start=\"603\" data-end=\"633\">\u00d3culos de metal com arma\u00e7\u00e3o preta<\/strong> acrescenta um toque sofisticado ao conjunto de sua boneca.<\/p>\n<p data-start=\"695\" data-end=\"739\"><strong data-start=\"695\" data-end=\"704\">Observa\u00e7\u00e3o:<\/strong> Apenas o traje. A boneca n\u00e3o est\u00e1 inclu\u00edda.<\/p>","protected":false},"featured_media":30104,"comment_status":"open","ping_status":"closed","template":"","meta":[],"product_brand":[],"product_cat":[117,83],"product_tag":[],"class_list":{"0":"post-30469","1":"product","2":"type-product","3":"status-publish","4":"has-post-thumbnail","6":"product_cat-doll-outfits-accessories","7":"product_cat-20cm-doll-outfit","9":"first","10":"instock","11":"shipping-taxable","12":"purchasable","13":"product-type-variable"},"jetpack_sharing_enabled":true,"_links":{"self":[{"href":"https:\/\/cottonland.shop\/pt\/wp-json\/wp\/v2\/product\/30469","targetHints":{"allow":["GET"]}}],"collection":[{"href":"https:\/\/cottonland.shop\/pt\/wp-json\/wp\/v2\/product"}],"about":[{"href":"https:\/\/cottonland.shop\/pt\/wp-json\/wp\/v2\/types\/product"}],"replies":[{"embeddable":true,"href":"https:\/\/cottonland.shop\/pt\/wp-json\/wp\/v2\/comments?post=30469"}],"version-history":[{"count":0,"href":"https:\/\/cottonland.shop\/pt\/wp-json\/wp\/v2\/product\/30469\/revisions"}],"wp:featuredmedia":[{"embeddable":true,"href":"https:\/\/cottonland.shop\/pt\/wp-json\/wp\/v2\/media\/30104"}],"wp:attachment":[{"href":"https:\/\/cottonland.shop\/pt\/wp-json\/wp\/v2\/media?parent=30469"}],"wp:term":[{"taxonomy":"product_brand","embeddable":true,"href":"https:\/\/cottonland.shop\/pt\/wp-json\/wp\/v2\/product_brand?post=30469"},{"taxonomy":"product_cat","embeddable":true,"href":"https:\/\/cottonland.shop\/pt\/wp-json\/wp\/v2\/product_cat?post=30469"},{"taxonomy":"product_tag","embeddable":true,"href":"https:\/\/cottonland.shop\/pt\/wp-json\/wp\/v2\/product_tag?post=30469"}],"curies":[{"name":"wp","href":"https:\/\/api.w.org\/{rel}","templated":true}]}}