{"id":30471,"date":"2025-11-16T00:12:35","date_gmt":"2025-11-16T00:12:35","guid":{"rendered":"https:\/\/cottonland.shop\/?post_type=product&#038;p=30471"},"modified":"2025-11-16T01:08:39","modified_gmt":"2025-11-16T01:08:39","slug":"research-lab-uniform-five-pieces-set-for-20cm-cotton-doll","status":"publish","type":"product","link":"https:\/\/cottonland.shop\/pt\/produto\/research-lab-uniform-five-pieces-set-for-20cm-cotton-doll\/","title":{"rendered":"Conjunto de cinco pe\u00e7as de uniforme de laborat\u00f3rio de pesquisa para boneca de algod\u00e3o de 20 cm"},"content":{"rendered":"","protected":false},"excerpt":{"rendered":"<p data-start=\"222\" data-end=\"314\"><strong data-start=\"222\" data-end=\"242\">Tempo de processamento:<\/strong> <strong data-start=\"243\" data-end=\"255\">5 a 7 dias<\/strong><br data-start=\"255\" data-end=\"258\" \/><strong data-start=\"258\" data-end=\"276\">Compatibilidade:<\/strong> Adapta-se \u00e0 maioria das bonecas de 20 cm com postura ereta.<\/p>\n<p data-start=\"316\" data-end=\"705\"><strong data-start=\"316\" data-end=\"334\">Artesanato:<\/strong> Artesanato de alta qualidade feito \u00e0 m\u00e3o<br data-start=\"366\" data-end=\"369\" \/><strong data-start=\"369\" data-end=\"381\">Detalhes:<\/strong> O conjunto Research Lab Uniform d\u00e1 \u00e0 sua boneca um visual inteligente e cient\u00edfico. O conjunto <strong data-start=\"460\" data-end=\"479\">Conjunto de cinco pe\u00e7as<\/strong> inclui todos os itens essenciais para um traje inspirado em laborat\u00f3rio, enquanto o <strong data-start=\"545\" data-end=\"563\">Conjunto de seis pe\u00e7as<\/strong> acrescenta um par de \u00f3culos estilosos para aumentar o clima acad\u00eamico. O <strong data-start=\"630\" data-end=\"655\">\u00d3culos com aro de prata<\/strong> oferecem um acabamento elegante e profissional ao traje.<\/p>\n<p data-start=\"707\" data-end=\"751\"><strong data-start=\"707\" data-end=\"716\">Observa\u00e7\u00e3o:<\/strong> Apenas o traje. A boneca n\u00e3o est\u00e1 inclu\u00edda.<\/p>","protected":false},"featured_media":30117,"comment_status":"open","ping_status":"closed","template":"","meta":[],"product_brand":[],"product_cat":[117,83],"product_tag":[],"class_list":{"0":"post-30471","1":"product","2":"type-product","3":"status-publish","4":"has-post-thumbnail","6":"product_cat-doll-outfits-accessories","7":"product_cat-20cm-doll-outfit","9":"first","10":"instock","11":"shipping-taxable","12":"purchasable","13":"product-type-variable"},"jetpack_sharing_enabled":true,"_links":{"self":[{"href":"https:\/\/cottonland.shop\/pt\/wp-json\/wp\/v2\/product\/30471","targetHints":{"allow":["GET"]}}],"collection":[{"href":"https:\/\/cottonland.shop\/pt\/wp-json\/wp\/v2\/product"}],"about":[{"href":"https:\/\/cottonland.shop\/pt\/wp-json\/wp\/v2\/types\/product"}],"replies":[{"embeddable":true,"href":"https:\/\/cottonland.shop\/pt\/wp-json\/wp\/v2\/comments?post=30471"}],"version-history":[{"count":0,"href":"https:\/\/cottonland.shop\/pt\/wp-json\/wp\/v2\/product\/30471\/revisions"}],"wp:featuredmedia":[{"embeddable":true,"href":"https:\/\/cottonland.shop\/pt\/wp-json\/wp\/v2\/media\/30117"}],"wp:attachment":[{"href":"https:\/\/cottonland.shop\/pt\/wp-json\/wp\/v2\/media?parent=30471"}],"wp:term":[{"taxonomy":"product_brand","embeddable":true,"href":"https:\/\/cottonland.shop\/pt\/wp-json\/wp\/v2\/product_brand?post=30471"},{"taxonomy":"product_cat","embeddable":true,"href":"https:\/\/cottonland.shop\/pt\/wp-json\/wp\/v2\/product_cat?post=30471"},{"taxonomy":"product_tag","embeddable":true,"href":"https:\/\/cottonland.shop\/pt\/wp-json\/wp\/v2\/product_tag?post=30471"}],"curies":[{"name":"wp","href":"https:\/\/api.w.org\/{rel}","templated":true}]}}