{"id":30472,"date":"2025-11-16T00:16:54","date_gmt":"2025-11-16T00:16:54","guid":{"rendered":"https:\/\/cottonland.shop\/?post_type=product&#038;p=30472"},"modified":"2025-11-17T07:46:21","modified_gmt":"2025-11-17T07:46:21","slug":"midnight-detective-five-pieces-set-for-40cm-cotton-doll","status":"publish","type":"product","link":"https:\/\/cottonland.shop\/pt\/produto\/midnight-detective-five-pieces-set-for-40cm-cotton-doll\/","title":{"rendered":"Conjunto de cinco pe\u00e7as Midnight Detective para boneca de algod\u00e3o de 40 cm"},"content":{"rendered":"","protected":false},"excerpt":{"rendered":"<p data-start=\"152\" data-end=\"244\"><strong data-start=\"152\" data-end=\"172\">Tempo de processamento:<\/strong> <strong data-start=\"173\" data-end=\"185\">5 a 7 dias<\/strong><br data-start=\"185\" data-end=\"188\" \/><strong data-start=\"188\" data-end=\"206\">Compatibilidade:<\/strong> Adapta-se \u00e0 maioria das bonecas de 40 cm com postura ereta.<\/p>\n<p data-start=\"246\" data-end=\"538\"><strong data-start=\"246\" data-end=\"264\">Artesanato:<\/strong> Artesanato de alta qualidade feito \u00e0 m\u00e3o<br data-start=\"296\" data-end=\"299\" \/><strong data-start=\"299\" data-end=\"311\">Detalhes:<\/strong> O conjunto Midnight Detective \u00e9 perfeito para bonecas que adoram resolver mist\u00e9rios com estilo. O conjunto <strong data-start=\"401\" data-end=\"420\">Conjunto de cinco pe\u00e7as<\/strong> inclui tudo o que sua boneca precisa para um visual cl\u00e1ssico de detetive, projetado para uma apar\u00eancia aventureira e elegante.<\/p>\n<p data-start=\"540\" data-end=\"584\"><strong data-start=\"540\" data-end=\"549\">Observa\u00e7\u00e3o:<\/strong> Apenas o traje. A boneca n\u00e3o est\u00e1 inclu\u00edda.<\/p>","protected":false},"featured_media":30119,"comment_status":"open","ping_status":"closed","template":"","meta":[],"product_brand":[],"product_cat":[117,84],"product_tag":[],"class_list":{"0":"post-30472","1":"product","2":"type-product","3":"status-publish","4":"has-post-thumbnail","6":"product_cat-doll-outfits-accessories","7":"product_cat-40cm-doll-outfit","9":"first","10":"instock","11":"shipping-taxable","12":"purchasable","13":"product-type-variable"},"jetpack_sharing_enabled":true,"_links":{"self":[{"href":"https:\/\/cottonland.shop\/pt\/wp-json\/wp\/v2\/product\/30472","targetHints":{"allow":["GET"]}}],"collection":[{"href":"https:\/\/cottonland.shop\/pt\/wp-json\/wp\/v2\/product"}],"about":[{"href":"https:\/\/cottonland.shop\/pt\/wp-json\/wp\/v2\/types\/product"}],"replies":[{"embeddable":true,"href":"https:\/\/cottonland.shop\/pt\/wp-json\/wp\/v2\/comments?post=30472"}],"version-history":[{"count":0,"href":"https:\/\/cottonland.shop\/pt\/wp-json\/wp\/v2\/product\/30472\/revisions"}],"wp:featuredmedia":[{"embeddable":true,"href":"https:\/\/cottonland.shop\/pt\/wp-json\/wp\/v2\/media\/30119"}],"wp:attachment":[{"href":"https:\/\/cottonland.shop\/pt\/wp-json\/wp\/v2\/media?parent=30472"}],"wp:term":[{"taxonomy":"product_brand","embeddable":true,"href":"https:\/\/cottonland.shop\/pt\/wp-json\/wp\/v2\/product_brand?post=30472"},{"taxonomy":"product_cat","embeddable":true,"href":"https:\/\/cottonland.shop\/pt\/wp-json\/wp\/v2\/product_cat?post=30472"},{"taxonomy":"product_tag","embeddable":true,"href":"https:\/\/cottonland.shop\/pt\/wp-json\/wp\/v2\/product_tag?post=30472"}],"curies":[{"name":"wp","href":"https:\/\/api.w.org\/{rel}","templated":true}]}}