{"id":30473,"date":"2025-11-16T00:22:50","date_gmt":"2025-11-16T00:22:50","guid":{"rendered":"https:\/\/cottonland.shop\/?post_type=product&#038;p=30473"},"modified":"2025-11-16T01:08:38","modified_gmt":"2025-11-16T01:08:38","slug":"kid-conan-20cm-doll-outfit","status":"publish","type":"product","link":"https:\/\/cottonland.shop\/pt\/produto\/kid-conan-20cm-doll-outfit\/","title":{"rendered":"Roupa de boneca Kid Conan 20cm"},"content":{"rendered":"","protected":false},"excerpt":{"rendered":"<p data-start=\"158\" data-end=\"250\"><strong data-start=\"158\" data-end=\"178\">Tempo de processamento:<\/strong> <strong data-start=\"179\" data-end=\"191\">5 a 7 dias<\/strong><br data-start=\"191\" data-end=\"194\" \/><strong data-start=\"194\" data-end=\"212\">Compatibilidade:<\/strong> Adapta-se \u00e0 maioria das bonecas de 20 cm com postura ereta.<\/p>\n<p data-start=\"252\" data-end=\"693\"><strong data-start=\"252\" data-end=\"270\">Artesanato:<\/strong> Artesanato de alta qualidade feito \u00e0 m\u00e3o<br data-start=\"302\" data-end=\"305\" \/><strong data-start=\"305\" data-end=\"317\">Detalhes:<\/strong> O <strong data-start=\"322\" data-end=\"335\">Kid Conan<\/strong> O traje \u00e9 perfeito para bonecas aventureiras! O traje <strong data-start=\"381\" data-end=\"404\">Conjunto de seis pe\u00e7as azul<\/strong> inclui um visual inspirado em um detetive estiloso, com acess\u00f3rios adicionais como \u00f3culos de metal com aro preto e sapatos de lona vermelha. O <strong data-start=\"535\" data-end=\"561\">Conjunto de sete pe\u00e7as branco<\/strong> oferece um visual fresco e limpo, completo com sapatos de couro branco e \u00f3culos de aro prateado unilateral para uma apar\u00eancia elegante e n\u00edtida.<\/p>\n<p data-start=\"695\" data-end=\"739\"><strong data-start=\"695\" data-end=\"704\">Observa\u00e7\u00e3o:<\/strong> Apenas o traje. A boneca n\u00e3o est\u00e1 inclu\u00edda.<\/p>","protected":false},"featured_media":30130,"comment_status":"open","ping_status":"closed","template":"","meta":[],"product_brand":[],"product_cat":[117,83],"product_tag":[],"class_list":{"0":"post-30473","1":"product","2":"type-product","3":"status-publish","4":"has-post-thumbnail","6":"product_cat-doll-outfits-accessories","7":"product_cat-20cm-doll-outfit","9":"first","10":"instock","11":"shipping-taxable","12":"purchasable","13":"product-type-variable"},"jetpack_sharing_enabled":true,"_links":{"self":[{"href":"https:\/\/cottonland.shop\/pt\/wp-json\/wp\/v2\/product\/30473","targetHints":{"allow":["GET"]}}],"collection":[{"href":"https:\/\/cottonland.shop\/pt\/wp-json\/wp\/v2\/product"}],"about":[{"href":"https:\/\/cottonland.shop\/pt\/wp-json\/wp\/v2\/types\/product"}],"replies":[{"embeddable":true,"href":"https:\/\/cottonland.shop\/pt\/wp-json\/wp\/v2\/comments?post=30473"}],"version-history":[{"count":0,"href":"https:\/\/cottonland.shop\/pt\/wp-json\/wp\/v2\/product\/30473\/revisions"}],"wp:featuredmedia":[{"embeddable":true,"href":"https:\/\/cottonland.shop\/pt\/wp-json\/wp\/v2\/media\/30130"}],"wp:attachment":[{"href":"https:\/\/cottonland.shop\/pt\/wp-json\/wp\/v2\/media?parent=30473"}],"wp:term":[{"taxonomy":"product_brand","embeddable":true,"href":"https:\/\/cottonland.shop\/pt\/wp-json\/wp\/v2\/product_brand?post=30473"},{"taxonomy":"product_cat","embeddable":true,"href":"https:\/\/cottonland.shop\/pt\/wp-json\/wp\/v2\/product_cat?post=30473"},{"taxonomy":"product_tag","embeddable":true,"href":"https:\/\/cottonland.shop\/pt\/wp-json\/wp\/v2\/product_tag?post=30473"}],"curies":[{"name":"wp","href":"https:\/\/api.w.org\/{rel}","templated":true}]}}