{"id":30490,"date":"2025-11-16T00:27:37","date_gmt":"2025-11-16T00:27:37","guid":{"rendered":"https:\/\/cottonland.shop\/?post_type=product&#038;p=30490"},"modified":"2025-11-20T20:55:31","modified_gmt":"2025-11-20T20:55:31","slug":"korean-style-puppy-school-uniform-six-pieces-set-for-20cm-cotton-doll","status":"publish","type":"product","link":"https:\/\/cottonland.shop\/pt\/produto\/korean-style-puppy-school-uniform-six-pieces-set-for-20cm-cotton-doll\/","title":{"rendered":"Conjunto de seis pe\u00e7as de uniforme escolar de cachorro no estilo coreano para boneca de algod\u00e3o de 20 cm"},"content":{"rendered":"","protected":false},"excerpt":{"rendered":"<p data-start=\"165\" data-end=\"257\"><strong data-start=\"165\" data-end=\"185\">Tempo de processamento:<\/strong> <strong data-start=\"186\" data-end=\"198\">5 a 7 dias<\/strong><br data-start=\"198\" data-end=\"201\" \/><strong data-start=\"201\" data-end=\"219\">Compatibilidade:<\/strong> Adapta-se \u00e0 maioria das bonecas de 20 cm com postura ereta.<\/p>\n<p data-start=\"259\" data-end=\"536\"><strong data-start=\"259\" data-end=\"277\">Artesanato:<\/strong> Artesanato de alta qualidade feito \u00e0 m\u00e3o<br data-start=\"309\" data-end=\"312\" \/><strong data-start=\"312\" data-end=\"324\">Detalhes:<\/strong> O conjunto de uniforme escolar para cachorros no estilo coreano traz uma vibra\u00e7\u00e3o fofa e elegante para sua boneca. O conjunto <strong data-start=\"412\" data-end=\"430\">Conjunto de seis pe\u00e7as<\/strong> inclui um uniforme escolar estiloso com ador\u00e1veis detalhes de cachorrinho, perfeito para um visual jovem e divertido.<\/p>\n<p data-start=\"538\" data-end=\"582\"><strong data-start=\"538\" data-end=\"547\">Observa\u00e7\u00e3o:<\/strong> Apenas o traje. A boneca n\u00e3o est\u00e1 inclu\u00edda.<\/p>","protected":false},"featured_media":30133,"comment_status":"open","ping_status":"closed","template":"","meta":[],"product_brand":[],"product_cat":[117,83],"product_tag":[],"class_list":{"0":"post-30490","1":"product","2":"type-product","3":"status-publish","4":"has-post-thumbnail","6":"product_cat-doll-outfits-accessories","7":"product_cat-20cm-doll-outfit","9":"first","10":"instock","11":"shipping-taxable","12":"purchasable","13":"product-type-variable"},"jetpack_sharing_enabled":true,"_links":{"self":[{"href":"https:\/\/cottonland.shop\/pt\/wp-json\/wp\/v2\/product\/30490","targetHints":{"allow":["GET"]}}],"collection":[{"href":"https:\/\/cottonland.shop\/pt\/wp-json\/wp\/v2\/product"}],"about":[{"href":"https:\/\/cottonland.shop\/pt\/wp-json\/wp\/v2\/types\/product"}],"replies":[{"embeddable":true,"href":"https:\/\/cottonland.shop\/pt\/wp-json\/wp\/v2\/comments?post=30490"}],"version-history":[{"count":0,"href":"https:\/\/cottonland.shop\/pt\/wp-json\/wp\/v2\/product\/30490\/revisions"}],"wp:featuredmedia":[{"embeddable":true,"href":"https:\/\/cottonland.shop\/pt\/wp-json\/wp\/v2\/media\/30133"}],"wp:attachment":[{"href":"https:\/\/cottonland.shop\/pt\/wp-json\/wp\/v2\/media?parent=30490"}],"wp:term":[{"taxonomy":"product_brand","embeddable":true,"href":"https:\/\/cottonland.shop\/pt\/wp-json\/wp\/v2\/product_brand?post=30490"},{"taxonomy":"product_cat","embeddable":true,"href":"https:\/\/cottonland.shop\/pt\/wp-json\/wp\/v2\/product_cat?post=30490"},{"taxonomy":"product_tag","embeddable":true,"href":"https:\/\/cottonland.shop\/pt\/wp-json\/wp\/v2\/product_tag?post=30490"}],"curies":[{"name":"wp","href":"https:\/\/api.w.org\/{rel}","templated":true}]}}