{"id":30491,"date":"2025-11-16T00:31:54","date_gmt":"2025-11-16T00:31:54","guid":{"rendered":"https:\/\/cottonland.shop\/?post_type=product&#038;p=30491"},"modified":"2025-11-17T07:50:05","modified_gmt":"2025-11-17T07:50:05","slug":"daytime-order-uniform-seven-pieces-set-for-20cm-cotton-doll","status":"publish","type":"product","link":"https:\/\/cottonland.shop\/pt\/produto\/daytime-order-uniform-seven-pieces-set-for-20cm-cotton-doll\/","title":{"rendered":"Conjunto de sete pe\u00e7as de uniforme de ordem diurna para boneca de algod\u00e3o de 20 cm"},"content":{"rendered":"","protected":false},"excerpt":{"rendered":"<p data-start=\"209\" data-end=\"301\"><strong data-start=\"209\" data-end=\"229\">Tempo de processamento:<\/strong> <strong data-start=\"230\" data-end=\"242\">5 a 7 dias<\/strong><br data-start=\"242\" data-end=\"245\" \/><strong data-start=\"245\" data-end=\"263\">Compatibilidade:<\/strong> Adapta-se \u00e0 maioria das bonecas de 20 cm com postura ereta.<\/p>\n<p data-start=\"303\" data-end=\"614\"><strong data-start=\"303\" data-end=\"321\">Artesanato:<\/strong> Artesanato de alta qualidade feito \u00e0 m\u00e3o<br data-start=\"353\" data-end=\"356\" \/><strong data-start=\"356\" data-end=\"368\">Detalhes:<\/strong> O conjunto Daytime Order Uniform oferece um visual sofisticado e estruturado. O <strong data-start=\"447\" data-end=\"467\">Conjunto de sete pe\u00e7as<\/strong> inclui tudo o que \u00e9 necess\u00e1rio para um uniforme refinado, enquanto o <strong data-start=\"528\" data-end=\"548\">Conjunto de oito pe\u00e7as<\/strong> Acrescente um par de elegantes sapatos de couro branco para um acabamento polido.<\/p>\n<p data-start=\"616\" data-end=\"660\"><strong data-start=\"616\" data-end=\"625\">Observa\u00e7\u00e3o:<\/strong> Apenas o traje. A boneca n\u00e3o est\u00e1 inclu\u00edda.<\/p>","protected":false},"featured_media":30137,"comment_status":"open","ping_status":"closed","template":"","meta":[],"product_brand":[],"product_cat":[117,83],"product_tag":[],"class_list":{"0":"post-30491","1":"product","2":"type-product","3":"status-publish","4":"has-post-thumbnail","6":"product_cat-doll-outfits-accessories","7":"product_cat-20cm-doll-outfit","9":"first","10":"instock","11":"shipping-taxable","12":"purchasable","13":"product-type-variable"},"jetpack_sharing_enabled":true,"_links":{"self":[{"href":"https:\/\/cottonland.shop\/pt\/wp-json\/wp\/v2\/product\/30491","targetHints":{"allow":["GET"]}}],"collection":[{"href":"https:\/\/cottonland.shop\/pt\/wp-json\/wp\/v2\/product"}],"about":[{"href":"https:\/\/cottonland.shop\/pt\/wp-json\/wp\/v2\/types\/product"}],"replies":[{"embeddable":true,"href":"https:\/\/cottonland.shop\/pt\/wp-json\/wp\/v2\/comments?post=30491"}],"version-history":[{"count":0,"href":"https:\/\/cottonland.shop\/pt\/wp-json\/wp\/v2\/product\/30491\/revisions"}],"wp:featuredmedia":[{"embeddable":true,"href":"https:\/\/cottonland.shop\/pt\/wp-json\/wp\/v2\/media\/30137"}],"wp:attachment":[{"href":"https:\/\/cottonland.shop\/pt\/wp-json\/wp\/v2\/media?parent=30491"}],"wp:term":[{"taxonomy":"product_brand","embeddable":true,"href":"https:\/\/cottonland.shop\/pt\/wp-json\/wp\/v2\/product_brand?post=30491"},{"taxonomy":"product_cat","embeddable":true,"href":"https:\/\/cottonland.shop\/pt\/wp-json\/wp\/v2\/product_cat?post=30491"},{"taxonomy":"product_tag","embeddable":true,"href":"https:\/\/cottonland.shop\/pt\/wp-json\/wp\/v2\/product_tag?post=30491"}],"curies":[{"name":"wp","href":"https:\/\/api.w.org\/{rel}","templated":true}]}}