{"id":30492,"date":"2025-11-16T00:35:51","date_gmt":"2025-11-16T00:35:51","guid":{"rendered":"https:\/\/cottonland.shop\/?post_type=product&#038;p=30492"},"modified":"2025-11-16T02:18:40","modified_gmt":"2025-11-16T02:18:40","slug":"prince-fox-six-pieces-set-for-20cm-cotton-doll","status":"publish","type":"product","link":"https:\/\/cottonland.shop\/pt\/produto\/prince-fox-six-pieces-set-for-20cm-cotton-doll\/","title":{"rendered":"Conjunto de seis pe\u00e7as Prince &amp; Fox para boneca de algod\u00e3o de 20 cm"},"content":{"rendered":"","protected":false},"excerpt":{"rendered":"<p data-start=\"253\" data-end=\"345\"><strong data-start=\"253\" data-end=\"273\">Tempo de processamento:<\/strong> <strong data-start=\"274\" data-end=\"286\">5 a 7 dias<\/strong><br data-start=\"286\" data-end=\"289\" \/><strong data-start=\"289\" data-end=\"307\">Compatibilidade:<\/strong> Adapta-se \u00e0 maioria das bonecas de 20 cm com postura ereta.<\/p>\n<p data-start=\"347\" data-end=\"656\"><strong data-start=\"347\" data-end=\"365\">Artesanato:<\/strong> Artesanato de alta qualidade feito \u00e0 m\u00e3o<br data-start=\"397\" data-end=\"400\" \/><strong data-start=\"400\" data-end=\"412\">Detalhes:<\/strong> O <strong data-start=\"417\" data-end=\"442\">Conjunto de seis pe\u00e7as Prince<\/strong> apresenta um visual real e majestoso, perfeito para um pr\u00edncipe encantado. O <strong data-start=\"511\" data-end=\"540\">Conjunto de duas pe\u00e7as Little Fox<\/strong> inclui um lindo traje inspirado em animais para um visual divertido de raposa. Os dois conjuntos acrescentam um charme \u00fanico \u00e0 sua cole\u00e7\u00e3o de bonecas.<\/p>\n<p data-start=\"658\" data-end=\"702\"><strong data-start=\"658\" data-end=\"667\">Observa\u00e7\u00e3o:<\/strong> Apenas o traje. A boneca n\u00e3o est\u00e1 inclu\u00edda.<\/p>","protected":false},"featured_media":30152,"comment_status":"open","ping_status":"closed","template":"","meta":[],"product_brand":[],"product_cat":[117,83],"product_tag":[],"class_list":{"0":"post-30492","1":"product","2":"type-product","3":"status-publish","4":"has-post-thumbnail","6":"product_cat-doll-outfits-accessories","7":"product_cat-20cm-doll-outfit","9":"first","10":"instock","11":"shipping-taxable","12":"purchasable","13":"product-type-variable"},"jetpack_sharing_enabled":true,"_links":{"self":[{"href":"https:\/\/cottonland.shop\/pt\/wp-json\/wp\/v2\/product\/30492","targetHints":{"allow":["GET"]}}],"collection":[{"href":"https:\/\/cottonland.shop\/pt\/wp-json\/wp\/v2\/product"}],"about":[{"href":"https:\/\/cottonland.shop\/pt\/wp-json\/wp\/v2\/types\/product"}],"replies":[{"embeddable":true,"href":"https:\/\/cottonland.shop\/pt\/wp-json\/wp\/v2\/comments?post=30492"}],"version-history":[{"count":0,"href":"https:\/\/cottonland.shop\/pt\/wp-json\/wp\/v2\/product\/30492\/revisions"}],"wp:featuredmedia":[{"embeddable":true,"href":"https:\/\/cottonland.shop\/pt\/wp-json\/wp\/v2\/media\/30152"}],"wp:attachment":[{"href":"https:\/\/cottonland.shop\/pt\/wp-json\/wp\/v2\/media?parent=30492"}],"wp:term":[{"taxonomy":"product_brand","embeddable":true,"href":"https:\/\/cottonland.shop\/pt\/wp-json\/wp\/v2\/product_brand?post=30492"},{"taxonomy":"product_cat","embeddable":true,"href":"https:\/\/cottonland.shop\/pt\/wp-json\/wp\/v2\/product_cat?post=30492"},{"taxonomy":"product_tag","embeddable":true,"href":"https:\/\/cottonland.shop\/pt\/wp-json\/wp\/v2\/product_tag?post=30492"}],"curies":[{"name":"wp","href":"https:\/\/api.w.org\/{rel}","templated":true}]}}