{"id":30493,"date":"2025-11-16T00:39:48","date_gmt":"2025-11-16T00:39:48","guid":{"rendered":"https:\/\/cottonland.shop\/?post_type=product&#038;p=30493"},"modified":"2025-11-16T01:08:38","modified_gmt":"2025-11-16T01:08:38","slug":"cat-maid-five-pieces-set-for-20cm-cotton-doll","status":"publish","type":"product","link":"https:\/\/cottonland.shop\/pt\/produto\/cat-maid-five-pieces-set-for-20cm-cotton-doll\/","title":{"rendered":"Conjunto de cinco pe\u00e7as da Cat Maid para boneca de algod\u00e3o de 20 cm"},"content":{"rendered":"","protected":false},"excerpt":{"rendered":"<p data-start=\"188\" data-end=\"280\"><strong data-start=\"188\" data-end=\"208\">Tempo de processamento:<\/strong> <strong data-start=\"209\" data-end=\"221\">5 a 7 dias<\/strong><br data-start=\"221\" data-end=\"224\" \/><strong data-start=\"224\" data-end=\"242\">Compatibilidade:<\/strong> Adapta-se \u00e0 maioria das bonecas de 20 cm com postura ereta.<\/p>\n<p data-start=\"282\" data-end=\"649\"><strong data-start=\"282\" data-end=\"300\">Artesanato:<\/strong> Artesanato de alta qualidade feito \u00e0 m\u00e3o<br data-start=\"332\" data-end=\"335\" \/><strong data-start=\"335\" data-end=\"347\">Detalhes:<\/strong> O <strong data-start=\"352\" data-end=\"364\">Cat Maid<\/strong> traz um charmoso visual de empregada dom\u00e9stica para sua boneca com um ador\u00e1vel toque felino. O conjunto <strong data-start=\"445\" data-end=\"475\">Conjunto de cinco pe\u00e7as Black Maid<\/strong> oferece um traje cl\u00e1ssico e elegante de empregada dom\u00e9stica preta, enquanto o <strong data-start=\"531\" data-end=\"561\">Conjunto de cinco pe\u00e7as Brown Maid<\/strong> apresenta uma apar\u00eancia de empregada dom\u00e9stica mais quente e macia, ambos projetados com aten\u00e7\u00e3o aos detalhes.<\/p>\n<p data-start=\"651\" data-end=\"695\"><strong data-start=\"651\" data-end=\"660\">Observa\u00e7\u00e3o:<\/strong> Apenas o traje. A boneca n\u00e3o est\u00e1 inclu\u00edda.<\/p>","protected":false},"featured_media":30153,"comment_status":"open","ping_status":"closed","template":"","meta":[],"product_brand":[],"product_cat":[117,83],"product_tag":[],"class_list":{"0":"post-30493","1":"product","2":"type-product","3":"status-publish","4":"has-post-thumbnail","6":"product_cat-doll-outfits-accessories","7":"product_cat-20cm-doll-outfit","9":"first","10":"instock","11":"shipping-taxable","12":"purchasable","13":"product-type-variable"},"jetpack_sharing_enabled":true,"_links":{"self":[{"href":"https:\/\/cottonland.shop\/pt\/wp-json\/wp\/v2\/product\/30493","targetHints":{"allow":["GET"]}}],"collection":[{"href":"https:\/\/cottonland.shop\/pt\/wp-json\/wp\/v2\/product"}],"about":[{"href":"https:\/\/cottonland.shop\/pt\/wp-json\/wp\/v2\/types\/product"}],"replies":[{"embeddable":true,"href":"https:\/\/cottonland.shop\/pt\/wp-json\/wp\/v2\/comments?post=30493"}],"version-history":[{"count":0,"href":"https:\/\/cottonland.shop\/pt\/wp-json\/wp\/v2\/product\/30493\/revisions"}],"wp:featuredmedia":[{"embeddable":true,"href":"https:\/\/cottonland.shop\/pt\/wp-json\/wp\/v2\/media\/30153"}],"wp:attachment":[{"href":"https:\/\/cottonland.shop\/pt\/wp-json\/wp\/v2\/media?parent=30493"}],"wp:term":[{"taxonomy":"product_brand","embeddable":true,"href":"https:\/\/cottonland.shop\/pt\/wp-json\/wp\/v2\/product_brand?post=30493"},{"taxonomy":"product_cat","embeddable":true,"href":"https:\/\/cottonland.shop\/pt\/wp-json\/wp\/v2\/product_cat?post=30493"},{"taxonomy":"product_tag","embeddable":true,"href":"https:\/\/cottonland.shop\/pt\/wp-json\/wp\/v2\/product_tag?post=30493"}],"curies":[{"name":"wp","href":"https:\/\/api.w.org\/{rel}","templated":true}]}}