{"id":30517,"date":"2025-11-16T01:04:32","date_gmt":"2025-11-16T01:04:32","guid":{"rendered":"https:\/\/cottonland.shop\/?post_type=product&#038;p=30517"},"modified":"2025-11-16T02:17:50","modified_gmt":"2025-11-16T02:17:50","slug":"christmas-carol-series-two-pieces-set-for-10cm-cotton-doll","status":"publish","type":"product","link":"https:\/\/cottonland.shop\/pt\/produto\/christmas-carol-series-two-pieces-set-for-10cm-cotton-doll\/","title":{"rendered":"Conjunto de duas pe\u00e7as da s\u00e9rie Christmas Carol para boneca de algod\u00e3o de 10 cm"},"content":{"rendered":"","protected":false},"excerpt":{"rendered":"<p data-start=\"267\" data-end=\"359\"><strong data-start=\"267\" data-end=\"287\">Tempo de processamento:<\/strong> <strong data-start=\"288\" data-end=\"300\">5 a 7 dias<\/strong><br data-start=\"300\" data-end=\"303\" \/><strong data-start=\"303\" data-end=\"321\">Compatibilidade:<\/strong> Adapta-se \u00e0 maioria das bonecas de 10 cm com postura ereta.<\/p>\n<p data-start=\"361\" data-end=\"756\"><strong data-start=\"361\" data-end=\"379\">Artesanato:<\/strong> Artesanato de alta qualidade feito \u00e0 m\u00e3o<br data-start=\"411\" data-end=\"414\" \/><strong data-start=\"414\" data-end=\"426\">Detalhes:<\/strong> O <strong data-start=\"431\" data-end=\"457\">S\u00e9rie Christmas Carol<\/strong> traz um charme festivo para suas bonecas! O <strong data-start=\"498\" data-end=\"524\">Conjunto de duas pe\u00e7as Rudolph<\/strong> apresenta um traje inspirado em renas, enquanto o <strong data-start=\"572\" data-end=\"606\">Conjunto de duas pe\u00e7as do Gingerbread Man<\/strong> acrescenta um clima doce de f\u00e9rias. O <strong data-start=\"638\" data-end=\"667\">Conjunto de duas pe\u00e7as Snow Child<\/strong> traz magia gelada, e o <strong data-start=\"697\" data-end=\"724\">Conjunto de duas pe\u00e7as Tree Elf<\/strong> oferece uma alegria extravagante para o feriado.<\/p>\n<p data-start=\"758\" data-end=\"802\"><strong data-start=\"758\" data-end=\"767\">Observa\u00e7\u00e3o:<\/strong> Apenas o traje. A boneca n\u00e3o est\u00e1 inclu\u00edda.<\/p>","protected":false},"featured_media":30197,"comment_status":"open","ping_status":"closed","template":"","meta":[],"product_brand":[],"product_cat":[117,81],"product_tag":[],"class_list":{"0":"post-30517","1":"product","2":"type-product","3":"status-publish","4":"has-post-thumbnail","6":"product_cat-doll-outfits-accessories","7":"product_cat-10cm-doll-outfit","9":"first","10":"instock","11":"shipping-taxable","12":"purchasable","13":"product-type-variable"},"jetpack_sharing_enabled":true,"_links":{"self":[{"href":"https:\/\/cottonland.shop\/pt\/wp-json\/wp\/v2\/product\/30517","targetHints":{"allow":["GET"]}}],"collection":[{"href":"https:\/\/cottonland.shop\/pt\/wp-json\/wp\/v2\/product"}],"about":[{"href":"https:\/\/cottonland.shop\/pt\/wp-json\/wp\/v2\/types\/product"}],"replies":[{"embeddable":true,"href":"https:\/\/cottonland.shop\/pt\/wp-json\/wp\/v2\/comments?post=30517"}],"version-history":[{"count":0,"href":"https:\/\/cottonland.shop\/pt\/wp-json\/wp\/v2\/product\/30517\/revisions"}],"wp:featuredmedia":[{"embeddable":true,"href":"https:\/\/cottonland.shop\/pt\/wp-json\/wp\/v2\/media\/30197"}],"wp:attachment":[{"href":"https:\/\/cottonland.shop\/pt\/wp-json\/wp\/v2\/media?parent=30517"}],"wp:term":[{"taxonomy":"product_brand","embeddable":true,"href":"https:\/\/cottonland.shop\/pt\/wp-json\/wp\/v2\/product_brand?post=30517"},{"taxonomy":"product_cat","embeddable":true,"href":"https:\/\/cottonland.shop\/pt\/wp-json\/wp\/v2\/product_cat?post=30517"},{"taxonomy":"product_tag","embeddable":true,"href":"https:\/\/cottonland.shop\/pt\/wp-json\/wp\/v2\/product_tag?post=30517"}],"curies":[{"name":"wp","href":"https:\/\/api.w.org\/{rel}","templated":true}]}}