{"id":30518,"date":"2025-11-16T01:06:47","date_gmt":"2025-11-16T01:06:47","guid":{"rendered":"https:\/\/cottonland.shop\/?post_type=product&#038;p=30518"},"modified":"2025-11-16T01:08:36","modified_gmt":"2025-11-16T01:08:36","slug":"dark-gothic-seven-pieces-set-for-20cm-cotton-doll","status":"publish","type":"product","link":"https:\/\/cottonland.shop\/pt\/produto\/dark-gothic-seven-pieces-set-for-20cm-cotton-doll\/","title":{"rendered":"Conjunto de sete pe\u00e7as Dark Gothic para boneca de algod\u00e3o de 20 cm"},"content":{"rendered":"","protected":false},"excerpt":{"rendered":"<p data-start=\"187\" data-end=\"279\"><strong data-start=\"187\" data-end=\"207\">Tempo de processamento:<\/strong> <strong data-start=\"208\" data-end=\"220\">5 a 7 dias<\/strong><br data-start=\"220\" data-end=\"223\" \/><strong data-start=\"223\" data-end=\"241\">Compatibilidade:<\/strong> Adapta-se \u00e0 maioria das bonecas de 20 cm com postura ereta.<\/p>\n<p data-start=\"281\" data-end=\"696\"><strong data-start=\"281\" data-end=\"299\">Artesanato:<\/strong> Artesanato de alta qualidade feito \u00e0 m\u00e3o<br data-start=\"331\" data-end=\"334\" \/><strong data-start=\"334\" data-end=\"346\">Detalhes:<\/strong> O <strong data-start=\"351\" data-end=\"366\">G\u00f3tico escuro<\/strong> O conjunto acrescenta um visual ousado e misterioso \u00e0 sua boneca. O conjunto <strong data-start=\"419\" data-end=\"439\">Conjunto de sete pe\u00e7as<\/strong> inclui um traje completo de inspira\u00e7\u00e3o g\u00f3tica, enquanto o <strong data-start=\"490\" data-end=\"510\">Conjunto de oito pe\u00e7as<\/strong> vem com acess\u00f3rios adicionais, como um elegante par de \u00f3culos. O <strong data-start=\"581\" data-end=\"601\">Conjunto de oito pe\u00e7as<\/strong> inclui <strong data-start=\"611\" data-end=\"640\">\u00d3culos de corrente com meia arma\u00e7\u00e3o<\/strong>, O estilo g\u00f3tico tem um toque mais sofisticado.<\/p>\n<p data-start=\"698\" data-end=\"742\"><strong data-start=\"698\" data-end=\"707\">Observa\u00e7\u00e3o:<\/strong> Apenas o traje. A boneca n\u00e3o est\u00e1 inclu\u00edda.<\/p>","protected":false},"featured_media":30201,"comment_status":"open","ping_status":"closed","template":"","meta":[],"product_brand":[],"product_cat":[117,83],"product_tag":[],"class_list":{"0":"post-30518","1":"product","2":"type-product","3":"status-publish","4":"has-post-thumbnail","6":"product_cat-doll-outfits-accessories","7":"product_cat-20cm-doll-outfit","9":"first","10":"instock","11":"shipping-taxable","12":"purchasable","13":"product-type-variable"},"jetpack_sharing_enabled":true,"_links":{"self":[{"href":"https:\/\/cottonland.shop\/pt\/wp-json\/wp\/v2\/product\/30518","targetHints":{"allow":["GET"]}}],"collection":[{"href":"https:\/\/cottonland.shop\/pt\/wp-json\/wp\/v2\/product"}],"about":[{"href":"https:\/\/cottonland.shop\/pt\/wp-json\/wp\/v2\/types\/product"}],"replies":[{"embeddable":true,"href":"https:\/\/cottonland.shop\/pt\/wp-json\/wp\/v2\/comments?post=30518"}],"version-history":[{"count":0,"href":"https:\/\/cottonland.shop\/pt\/wp-json\/wp\/v2\/product\/30518\/revisions"}],"wp:featuredmedia":[{"embeddable":true,"href":"https:\/\/cottonland.shop\/pt\/wp-json\/wp\/v2\/media\/30201"}],"wp:attachment":[{"href":"https:\/\/cottonland.shop\/pt\/wp-json\/wp\/v2\/media?parent=30518"}],"wp:term":[{"taxonomy":"product_brand","embeddable":true,"href":"https:\/\/cottonland.shop\/pt\/wp-json\/wp\/v2\/product_brand?post=30518"},{"taxonomy":"product_cat","embeddable":true,"href":"https:\/\/cottonland.shop\/pt\/wp-json\/wp\/v2\/product_cat?post=30518"},{"taxonomy":"product_tag","embeddable":true,"href":"https:\/\/cottonland.shop\/pt\/wp-json\/wp\/v2\/product_tag?post=30518"}],"curies":[{"name":"wp","href":"https:\/\/api.w.org\/{rel}","templated":true}]}}