{"id":30538,"date":"2025-11-16T01:15:48","date_gmt":"2025-11-16T01:15:48","guid":{"rendered":"https:\/\/cottonland.shop\/?post_type=product&#038;p=30538"},"modified":"2025-11-20T20:56:46","modified_gmt":"2025-11-20T20:56:46","slug":"denim-jacket-teddy-bear-four-pieces-set-for-10cm-cotton-doll","status":"publish","type":"product","link":"https:\/\/cottonland.shop\/pt\/produto\/denim-jacket-teddy-bear-four-pieces-set-for-10cm-cotton-doll\/","title":{"rendered":"Conjunto de quatro pe\u00e7as de jaqueta jeans para ursinho de pel\u00facia para boneca de algod\u00e3o de 10 cm"},"content":{"rendered":"","protected":false},"excerpt":{"rendered":"<p data-start=\"157\" data-end=\"249\"><strong data-start=\"157\" data-end=\"177\">Tempo de processamento:<\/strong> <strong data-start=\"178\" data-end=\"190\">5 a 7 dias<\/strong><br data-start=\"190\" data-end=\"193\" \/><strong data-start=\"193\" data-end=\"211\">Compatibilidade:<\/strong> Adapta-se \u00e0 maioria das bonecas de 10 cm com postura ereta.<\/p>\n<p data-start=\"251\" data-end=\"535\"><strong data-start=\"251\" data-end=\"269\">Artesanato:<\/strong> Artesanato de alta qualidade feito \u00e0 m\u00e3o<br data-start=\"301\" data-end=\"304\" \/><strong data-start=\"304\" data-end=\"316\">Detalhes:<\/strong> O <strong data-start=\"321\" data-end=\"348\">Urso de pel\u00facia com jaqueta jeans<\/strong> O conjunto oferece um visual descolado e casual para sua boneca. O conjunto <strong data-start=\"402\" data-end=\"421\">Conjunto de quatro pe\u00e7as<\/strong> inclui uma jaqueta jeans estilosa, perfeita para um visual descontra\u00eddo e moderno com um ador\u00e1vel toque de ursinho de pel\u00facia.<\/p>\n<p data-start=\"537\" data-end=\"581\"><strong data-start=\"537\" data-end=\"546\">Observa\u00e7\u00e3o:<\/strong> Apenas o traje. A boneca n\u00e3o est\u00e1 inclu\u00edda.<\/p>","protected":false},"featured_media":30244,"comment_status":"open","ping_status":"closed","template":"","meta":[],"product_brand":[],"product_cat":[117,81],"product_tag":[],"class_list":{"0":"post-30538","1":"product","2":"type-product","3":"status-publish","4":"has-post-thumbnail","6":"product_cat-doll-outfits-accessories","7":"product_cat-10cm-doll-outfit","9":"first","10":"instock","11":"shipping-taxable","12":"purchasable","13":"product-type-variable"},"jetpack_sharing_enabled":true,"_links":{"self":[{"href":"https:\/\/cottonland.shop\/pt\/wp-json\/wp\/v2\/product\/30538","targetHints":{"allow":["GET"]}}],"collection":[{"href":"https:\/\/cottonland.shop\/pt\/wp-json\/wp\/v2\/product"}],"about":[{"href":"https:\/\/cottonland.shop\/pt\/wp-json\/wp\/v2\/types\/product"}],"replies":[{"embeddable":true,"href":"https:\/\/cottonland.shop\/pt\/wp-json\/wp\/v2\/comments?post=30538"}],"version-history":[{"count":0,"href":"https:\/\/cottonland.shop\/pt\/wp-json\/wp\/v2\/product\/30538\/revisions"}],"wp:featuredmedia":[{"embeddable":true,"href":"https:\/\/cottonland.shop\/pt\/wp-json\/wp\/v2\/media\/30244"}],"wp:attachment":[{"href":"https:\/\/cottonland.shop\/pt\/wp-json\/wp\/v2\/media?parent=30538"}],"wp:term":[{"taxonomy":"product_brand","embeddable":true,"href":"https:\/\/cottonland.shop\/pt\/wp-json\/wp\/v2\/product_brand?post=30538"},{"taxonomy":"product_cat","embeddable":true,"href":"https:\/\/cottonland.shop\/pt\/wp-json\/wp\/v2\/product_cat?post=30538"},{"taxonomy":"product_tag","embeddable":true,"href":"https:\/\/cottonland.shop\/pt\/wp-json\/wp\/v2\/product_tag?post=30538"}],"curies":[{"name":"wp","href":"https:\/\/api.w.org\/{rel}","templated":true}]}}