{"id":30540,"date":"2025-11-16T01:20:55","date_gmt":"2025-11-16T01:20:55","guid":{"rendered":"https:\/\/cottonland.shop\/?post_type=product&#038;p=30540"},"modified":"2025-11-20T20:38:05","modified_gmt":"2025-11-20T20:38:05","slug":"midnight-detective-five-pieces-set-for-15cm-cotton-doll","status":"publish","type":"product","link":"https:\/\/cottonland.shop\/pt\/produto\/midnight-detective-five-pieces-set-for-15cm-cotton-doll\/","title":{"rendered":"Conjunto de cinco pe\u00e7as Midnight Detective para boneca de algod\u00e3o de 15 cm"},"content":{"rendered":"","protected":false},"excerpt":{"rendered":"<p data-start=\"152\" data-end=\"244\"><strong data-start=\"152\" data-end=\"172\">Tempo de processamento:<\/strong> <strong data-start=\"173\" data-end=\"185\">5 a 7 dias<\/strong><br data-start=\"185\" data-end=\"188\" \/><strong data-start=\"188\" data-end=\"206\">Compatibilidade:<\/strong> Adapta-se \u00e0 maioria das bonecas de 15 cm com postura ereta.<\/p>\n<p data-start=\"246\" data-end=\"534\"><strong data-start=\"246\" data-end=\"264\">Artesanato:<\/strong> Artesanato de alta qualidade feito \u00e0 m\u00e3o<br data-start=\"296\" data-end=\"299\" \/><strong data-start=\"299\" data-end=\"311\">Detalhes:<\/strong> O <strong data-start=\"316\" data-end=\"338\">Detetive da meia-noite<\/strong> foi projetado para bonecas que adoram resolver mist\u00e9rios com estilo. O conjunto <strong data-start=\"407\" data-end=\"426\">Conjunto de cinco pe\u00e7as<\/strong> inclui todas as pe\u00e7as essenciais para um visual cl\u00e1ssico de detetive, com um toque de sofistica\u00e7\u00e3o e mist\u00e9rio.<\/p>\n<p data-start=\"536\" data-end=\"580\"><strong data-start=\"536\" data-end=\"545\">Observa\u00e7\u00e3o:<\/strong> Apenas o traje. A boneca n\u00e3o est\u00e1 inclu\u00edda.<\/p>","protected":false},"featured_media":30255,"comment_status":"open","ping_status":"closed","template":"","meta":[],"product_brand":[],"product_cat":[117,239],"product_tag":[],"class_list":{"0":"post-30540","1":"product","2":"type-product","3":"status-publish","4":"has-post-thumbnail","6":"product_cat-doll-outfits-accessories","7":"product_cat-15cm-doll-outfit","9":"first","10":"instock","11":"shipping-taxable","12":"purchasable","13":"product-type-variable"},"jetpack_sharing_enabled":true,"_links":{"self":[{"href":"https:\/\/cottonland.shop\/pt\/wp-json\/wp\/v2\/product\/30540","targetHints":{"allow":["GET"]}}],"collection":[{"href":"https:\/\/cottonland.shop\/pt\/wp-json\/wp\/v2\/product"}],"about":[{"href":"https:\/\/cottonland.shop\/pt\/wp-json\/wp\/v2\/types\/product"}],"replies":[{"embeddable":true,"href":"https:\/\/cottonland.shop\/pt\/wp-json\/wp\/v2\/comments?post=30540"}],"version-history":[{"count":0,"href":"https:\/\/cottonland.shop\/pt\/wp-json\/wp\/v2\/product\/30540\/revisions"}],"wp:featuredmedia":[{"embeddable":true,"href":"https:\/\/cottonland.shop\/pt\/wp-json\/wp\/v2\/media\/30255"}],"wp:attachment":[{"href":"https:\/\/cottonland.shop\/pt\/wp-json\/wp\/v2\/media?parent=30540"}],"wp:term":[{"taxonomy":"product_brand","embeddable":true,"href":"https:\/\/cottonland.shop\/pt\/wp-json\/wp\/v2\/product_brand?post=30540"},{"taxonomy":"product_cat","embeddable":true,"href":"https:\/\/cottonland.shop\/pt\/wp-json\/wp\/v2\/product_cat?post=30540"},{"taxonomy":"product_tag","embeddable":true,"href":"https:\/\/cottonland.shop\/pt\/wp-json\/wp\/v2\/product_tag?post=30540"}],"curies":[{"name":"wp","href":"https:\/\/api.w.org\/{rel}","templated":true}]}}