{"id":30556,"date":"2025-11-16T01:49:04","date_gmt":"2025-11-16T01:49:04","guid":{"rendered":"https:\/\/cottonland.shop\/?post_type=product&#038;p=30556"},"modified":"2025-11-20T17:07:33","modified_gmt":"2025-11-20T17:07:33","slug":"japanese-school-uniform-four-pieces-set-for-20cm-cotton-doll","status":"publish","type":"product","link":"https:\/\/cottonland.shop\/pt\/produto\/japanese-school-uniform-four-pieces-set-for-20cm-cotton-doll\/","title":{"rendered":"Conjunto de quatro pe\u00e7as de uniforme escolar japon\u00eas para boneca de algod\u00e3o de 20 cm"},"content":{"rendered":"","protected":false},"excerpt":{"rendered":"<p data-start=\"271\" data-end=\"363\"><strong data-start=\"271\" data-end=\"291\">Tempo de processamento:<\/strong> <strong data-start=\"292\" data-end=\"304\">5 a 7 dias<\/strong><br data-start=\"304\" data-end=\"307\" \/><strong data-start=\"307\" data-end=\"325\">Compatibilidade:<\/strong> Adapta-se \u00e0 maioria das bonecas de 20 cm com postura ereta.<\/p>\n<p data-start=\"365\" data-end=\"700\"><strong data-start=\"365\" data-end=\"383\">Artesanato:<\/strong> Artesanato de alta qualidade feito \u00e0 m\u00e3o<br data-start=\"415\" data-end=\"418\" \/><strong data-start=\"418\" data-end=\"430\">Detalhes:<\/strong> O <strong data-start=\"435\" data-end=\"462\">Uniforme escolar japon\u00eas<\/strong> O conjunto traz um clima fofo e acad\u00eamico para a sua boneca. O conjunto <strong data-start=\"517\" data-end=\"540\">Conjunto masculino de seis pe\u00e7as<\/strong> e <strong data-start=\"545\" data-end=\"570\">Conjunto feminino de seis pe\u00e7as<\/strong> Ambos incluem um uniforme escolar cl\u00e1ssico, completo com um chap\u00e9u escolar e sapatos de couro branco, perfeitos para um visual jovem e polido.<\/p>\n<p data-start=\"702\" data-end=\"746\"><strong data-start=\"702\" data-end=\"711\">Observa\u00e7\u00e3o:<\/strong> Apenas o traje. A boneca n\u00e3o est\u00e1 inclu\u00edda.<\/p>","protected":false},"featured_media":30273,"comment_status":"open","ping_status":"closed","template":"","meta":[],"product_brand":[],"product_cat":[117,83],"product_tag":[],"class_list":{"0":"post-30556","1":"product","2":"type-product","3":"status-publish","4":"has-post-thumbnail","6":"product_cat-doll-outfits-accessories","7":"product_cat-20cm-doll-outfit","9":"first","10":"instock","11":"shipping-taxable","12":"purchasable","13":"product-type-variable"},"jetpack_sharing_enabled":true,"_links":{"self":[{"href":"https:\/\/cottonland.shop\/pt\/wp-json\/wp\/v2\/product\/30556","targetHints":{"allow":["GET"]}}],"collection":[{"href":"https:\/\/cottonland.shop\/pt\/wp-json\/wp\/v2\/product"}],"about":[{"href":"https:\/\/cottonland.shop\/pt\/wp-json\/wp\/v2\/types\/product"}],"replies":[{"embeddable":true,"href":"https:\/\/cottonland.shop\/pt\/wp-json\/wp\/v2\/comments?post=30556"}],"version-history":[{"count":0,"href":"https:\/\/cottonland.shop\/pt\/wp-json\/wp\/v2\/product\/30556\/revisions"}],"wp:featuredmedia":[{"embeddable":true,"href":"https:\/\/cottonland.shop\/pt\/wp-json\/wp\/v2\/media\/30273"}],"wp:attachment":[{"href":"https:\/\/cottonland.shop\/pt\/wp-json\/wp\/v2\/media?parent=30556"}],"wp:term":[{"taxonomy":"product_brand","embeddable":true,"href":"https:\/\/cottonland.shop\/pt\/wp-json\/wp\/v2\/product_brand?post=30556"},{"taxonomy":"product_cat","embeddable":true,"href":"https:\/\/cottonland.shop\/pt\/wp-json\/wp\/v2\/product_cat?post=30556"},{"taxonomy":"product_tag","embeddable":true,"href":"https:\/\/cottonland.shop\/pt\/wp-json\/wp\/v2\/product_tag?post=30556"}],"curies":[{"name":"wp","href":"https:\/\/api.w.org\/{rel}","templated":true}]}}