{"id":30557,"date":"2025-11-16T01:51:22","date_gmt":"2025-11-16T01:51:22","guid":{"rendered":"https:\/\/cottonland.shop\/?post_type=product&#038;p=30557"},"modified":"2025-11-20T17:07:32","modified_gmt":"2025-11-20T17:07:32","slug":"international-transfer-student-four-pieces-set-for-20cm-cotton-doll","status":"publish","type":"product","link":"https:\/\/cottonland.shop\/pt\/produto\/international-transfer-student-four-pieces-set-for-20cm-cotton-doll\/","title":{"rendered":"Conjunto de quatro pe\u00e7as para boneca de algod\u00e3o de 20 cm para estudante de transfer\u00eancia internacional"},"content":{"rendered":"","protected":false},"excerpt":{"rendered":"<p data-start=\"200\" data-end=\"292\"><strong data-start=\"200\" data-end=\"220\">Tempo de processamento:<\/strong> <strong data-start=\"221\" data-end=\"233\">5 a 7 dias<\/strong><br data-start=\"233\" data-end=\"236\" \/><strong data-start=\"236\" data-end=\"254\">Compatibilidade:<\/strong> Adapta-se \u00e0 maioria das bonecas de 20 cm com postura ereta.<\/p>\n<p data-start=\"294\" data-end=\"630\"><strong data-start=\"294\" data-end=\"312\">Artesanato:<\/strong> Artesanato de alta qualidade feito \u00e0 m\u00e3o<br data-start=\"344\" data-end=\"347\" \/><strong data-start=\"347\" data-end=\"359\">Detalhes:<\/strong> O <strong data-start=\"364\" data-end=\"398\">Estudante de transfer\u00eancia internacional<\/strong> acrescenta um toque acad\u00eamico \u00e0 sua boneca. O conjunto <strong data-start=\"444\" data-end=\"469\">Conjunto de quatro pe\u00e7as preto<\/strong> oferece uma apar\u00eancia elegante e formal, enquanto o <strong data-start=\"515\" data-end=\"540\">Conjunto de quatro pe\u00e7as branco<\/strong> proporciona um visual n\u00edtido e limpo. Os dois conjuntos s\u00e3o perfeitos para um visual refinado, inspirado em estudantes.<\/p>\n<p data-start=\"632\" data-end=\"676\"><strong data-start=\"632\" data-end=\"641\">Observa\u00e7\u00e3o:<\/strong> Apenas o traje. A boneca n\u00e3o est\u00e1 inclu\u00edda.<\/p>","protected":false},"featured_media":30279,"comment_status":"open","ping_status":"closed","template":"","meta":[],"product_brand":[],"product_cat":[117,83],"product_tag":[],"class_list":{"0":"post-30557","1":"product","2":"type-product","3":"status-publish","4":"has-post-thumbnail","6":"product_cat-doll-outfits-accessories","7":"product_cat-20cm-doll-outfit","9":"first","10":"instock","11":"shipping-taxable","12":"purchasable","13":"product-type-variable"},"jetpack_sharing_enabled":true,"_links":{"self":[{"href":"https:\/\/cottonland.shop\/pt\/wp-json\/wp\/v2\/product\/30557","targetHints":{"allow":["GET"]}}],"collection":[{"href":"https:\/\/cottonland.shop\/pt\/wp-json\/wp\/v2\/product"}],"about":[{"href":"https:\/\/cottonland.shop\/pt\/wp-json\/wp\/v2\/types\/product"}],"replies":[{"embeddable":true,"href":"https:\/\/cottonland.shop\/pt\/wp-json\/wp\/v2\/comments?post=30557"}],"version-history":[{"count":0,"href":"https:\/\/cottonland.shop\/pt\/wp-json\/wp\/v2\/product\/30557\/revisions"}],"wp:featuredmedia":[{"embeddable":true,"href":"https:\/\/cottonland.shop\/pt\/wp-json\/wp\/v2\/media\/30279"}],"wp:attachment":[{"href":"https:\/\/cottonland.shop\/pt\/wp-json\/wp\/v2\/media?parent=30557"}],"wp:term":[{"taxonomy":"product_brand","embeddable":true,"href":"https:\/\/cottonland.shop\/pt\/wp-json\/wp\/v2\/product_brand?post=30557"},{"taxonomy":"product_cat","embeddable":true,"href":"https:\/\/cottonland.shop\/pt\/wp-json\/wp\/v2\/product_cat?post=30557"},{"taxonomy":"product_tag","embeddable":true,"href":"https:\/\/cottonland.shop\/pt\/wp-json\/wp\/v2\/product_tag?post=30557"}],"curies":[{"name":"wp","href":"https:\/\/api.w.org\/{rel}","templated":true}]}}