{"id":30570,"date":"2025-11-16T01:59:04","date_gmt":"2025-11-16T01:59:04","guid":{"rendered":"https:\/\/cottonland.shop\/?post_type=product&#038;p=30570"},"modified":"2025-11-20T17:07:32","modified_gmt":"2025-11-20T17:07:32","slug":"belted-uniform-six-pieces-set-for-10cm-cotton-doll","status":"publish","type":"product","link":"https:\/\/cottonland.shop\/pt\/produto\/belted-uniform-six-pieces-set-for-10cm-cotton-doll\/","title":{"rendered":"Conjunto de seis pe\u00e7as de uniforme com cinto para boneca de algod\u00e3o de 10 cm"},"content":{"rendered":"","protected":false},"excerpt":{"rendered":"<p data-start=\"181\" data-end=\"273\"><strong data-start=\"181\" data-end=\"201\">Tempo de processamento:<\/strong> <strong data-start=\"202\" data-end=\"214\">5 a 7 dias<\/strong><br data-start=\"214\" data-end=\"217\" \/><strong data-start=\"217\" data-end=\"235\">Compatibilidade:<\/strong> Adapta-se \u00e0 maioria das bonecas de 10 cm com postura ereta.<\/p>\n<p data-start=\"275\" data-end=\"621\"><strong data-start=\"275\" data-end=\"293\">Artesanato:<\/strong> Artesanato de alta qualidade feito \u00e0 m\u00e3o<br data-start=\"325\" data-end=\"328\" \/><strong data-start=\"328\" data-end=\"340\">Detalhes:<\/strong> O <strong data-start=\"345\" data-end=\"363\">Uniforme com cinto<\/strong> oferece um visual elegante e polido para sua boneca. O conjunto <strong data-start=\"416\" data-end=\"440\">Conjunto de seis pe\u00e7as preto<\/strong> apresenta um uniforme preto elegante e formal, enquanto o <strong data-start=\"494\" data-end=\"518\">Conjunto de seis pe\u00e7as branco<\/strong> proporciona uma apar\u00eancia fresca e limpa, ambos completos com cintos elegantes para dar um toque de sofistica\u00e7\u00e3o.<\/p>\n<p data-start=\"623\" data-end=\"667\"><strong data-start=\"623\" data-end=\"632\">Observa\u00e7\u00e3o:<\/strong> Apenas o traje. A boneca n\u00e3o est\u00e1 inclu\u00edda.<\/p>","protected":false},"featured_media":30287,"comment_status":"open","ping_status":"closed","template":"","meta":[],"product_brand":[],"product_cat":[117,81],"product_tag":[],"class_list":{"0":"post-30570","1":"product","2":"type-product","3":"status-publish","4":"has-post-thumbnail","6":"product_cat-doll-outfits-accessories","7":"product_cat-10cm-doll-outfit","9":"first","10":"instock","11":"shipping-taxable","12":"purchasable","13":"product-type-variable"},"jetpack_sharing_enabled":true,"_links":{"self":[{"href":"https:\/\/cottonland.shop\/pt\/wp-json\/wp\/v2\/product\/30570","targetHints":{"allow":["GET"]}}],"collection":[{"href":"https:\/\/cottonland.shop\/pt\/wp-json\/wp\/v2\/product"}],"about":[{"href":"https:\/\/cottonland.shop\/pt\/wp-json\/wp\/v2\/types\/product"}],"replies":[{"embeddable":true,"href":"https:\/\/cottonland.shop\/pt\/wp-json\/wp\/v2\/comments?post=30570"}],"version-history":[{"count":0,"href":"https:\/\/cottonland.shop\/pt\/wp-json\/wp\/v2\/product\/30570\/revisions"}],"wp:featuredmedia":[{"embeddable":true,"href":"https:\/\/cottonland.shop\/pt\/wp-json\/wp\/v2\/media\/30287"}],"wp:attachment":[{"href":"https:\/\/cottonland.shop\/pt\/wp-json\/wp\/v2\/media?parent=30570"}],"wp:term":[{"taxonomy":"product_brand","embeddable":true,"href":"https:\/\/cottonland.shop\/pt\/wp-json\/wp\/v2\/product_brand?post=30570"},{"taxonomy":"product_cat","embeddable":true,"href":"https:\/\/cottonland.shop\/pt\/wp-json\/wp\/v2\/product_cat?post=30570"},{"taxonomy":"product_tag","embeddable":true,"href":"https:\/\/cottonland.shop\/pt\/wp-json\/wp\/v2\/product_tag?post=30570"}],"curies":[{"name":"wp","href":"https:\/\/api.w.org\/{rel}","templated":true}]}}