{"id":30571,"date":"2025-11-16T02:02:32","date_gmt":"2025-11-16T02:02:32","guid":{"rendered":"https:\/\/cottonland.shop\/?post_type=product&#038;p=30571"},"modified":"2025-11-20T17:07:31","modified_gmt":"2025-11-20T17:07:31","slug":"research-lab-uniform-four-pieces-set-for-10cm-cotton-doll","status":"publish","type":"product","link":"https:\/\/cottonland.shop\/pt\/produto\/research-lab-uniform-four-pieces-set-for-10cm-cotton-doll\/","title":{"rendered":"Conjunto de quatro pe\u00e7as de uniforme de laborat\u00f3rio de pesquisa para boneca de algod\u00e3o de 10 cm"},"content":{"rendered":"","protected":false},"excerpt":{"rendered":"<p data-start=\"154\" data-end=\"246\"><strong data-start=\"154\" data-end=\"174\">Tempo de processamento:<\/strong> <strong data-start=\"175\" data-end=\"187\">5 a 7 dias<\/strong><br data-start=\"187\" data-end=\"190\" \/><strong data-start=\"190\" data-end=\"208\">Compatibilidade:<\/strong> Adapta-se \u00e0 maioria das bonecas de 10 cm com postura ereta.<\/p>\n<p data-start=\"248\" data-end=\"539\"><strong data-start=\"248\" data-end=\"266\">Artesanato:<\/strong> Artesanato de alta qualidade feito \u00e0 m\u00e3o<br data-start=\"298\" data-end=\"301\" \/><strong data-start=\"301\" data-end=\"313\">Detalhes:<\/strong> O <strong data-start=\"318\" data-end=\"342\">Uniforme de laborat\u00f3rio de pesquisa<\/strong> O conjunto foi projetado para ter uma apar\u00eancia inteligente e cient\u00edfica. O conjunto <strong data-start=\"393\" data-end=\"412\">Conjunto de quatro pe\u00e7as<\/strong> inclui tudo o que \u00e9 necess\u00e1rio para um traje inspirado em laborat\u00f3rio, perfeito para sua boneca parecer profissional e pronta para qualquer experimento.<\/p>\n<p data-start=\"541\" data-end=\"585\"><strong data-start=\"541\" data-end=\"550\">Observa\u00e7\u00e3o:<\/strong> Apenas o traje. A boneca n\u00e3o est\u00e1 inclu\u00edda.<\/p>","protected":false},"featured_media":30294,"comment_status":"open","ping_status":"closed","template":"","meta":[],"product_brand":[],"product_cat":[117,81],"product_tag":[],"class_list":{"0":"post-30571","1":"product","2":"type-product","3":"status-publish","4":"has-post-thumbnail","6":"product_cat-doll-outfits-accessories","7":"product_cat-10cm-doll-outfit","9":"first","10":"instock","11":"shipping-taxable","12":"purchasable","13":"product-type-variable"},"jetpack_sharing_enabled":true,"_links":{"self":[{"href":"https:\/\/cottonland.shop\/pt\/wp-json\/wp\/v2\/product\/30571","targetHints":{"allow":["GET"]}}],"collection":[{"href":"https:\/\/cottonland.shop\/pt\/wp-json\/wp\/v2\/product"}],"about":[{"href":"https:\/\/cottonland.shop\/pt\/wp-json\/wp\/v2\/types\/product"}],"replies":[{"embeddable":true,"href":"https:\/\/cottonland.shop\/pt\/wp-json\/wp\/v2\/comments?post=30571"}],"version-history":[{"count":0,"href":"https:\/\/cottonland.shop\/pt\/wp-json\/wp\/v2\/product\/30571\/revisions"}],"wp:featuredmedia":[{"embeddable":true,"href":"https:\/\/cottonland.shop\/pt\/wp-json\/wp\/v2\/media\/30294"}],"wp:attachment":[{"href":"https:\/\/cottonland.shop\/pt\/wp-json\/wp\/v2\/media?parent=30571"}],"wp:term":[{"taxonomy":"product_brand","embeddable":true,"href":"https:\/\/cottonland.shop\/pt\/wp-json\/wp\/v2\/product_brand?post=30571"},{"taxonomy":"product_cat","embeddable":true,"href":"https:\/\/cottonland.shop\/pt\/wp-json\/wp\/v2\/product_cat?post=30571"},{"taxonomy":"product_tag","embeddable":true,"href":"https:\/\/cottonland.shop\/pt\/wp-json\/wp\/v2\/product_tag?post=30571"}],"curies":[{"name":"wp","href":"https:\/\/api.w.org\/{rel}","templated":true}]}}