{"id":30584,"date":"2025-11-16T02:11:13","date_gmt":"2025-11-16T02:11:13","guid":{"rendered":"https:\/\/cottonland.shop\/?post_type=product&#038;p=30584"},"modified":"2025-11-20T20:35:08","modified_gmt":"2025-11-20T20:35:08","slug":"forest-cloak-three-pieces-set-for-10cm-cotton-doll","status":"publish","type":"product","link":"https:\/\/cottonland.shop\/pt\/produto\/forest-cloak-three-pieces-set-for-10cm-cotton-doll\/","title":{"rendered":"Conjunto de tr\u00eas pe\u00e7as Forest Cloak para boneca de algod\u00e3o de 10 cm"},"content":{"rendered":"","protected":false},"excerpt":{"rendered":"<p data-start=\"193\" data-end=\"285\"><strong data-start=\"193\" data-end=\"213\">Tempo de processamento:<\/strong> <strong data-start=\"214\" data-end=\"226\">5 a 7 dias<\/strong><br data-start=\"226\" data-end=\"229\" \/><strong data-start=\"229\" data-end=\"247\">Compatibilidade:<\/strong> Adapta-se \u00e0 maioria das bonecas de 10 cm com postura ereta.<\/p>\n<p data-start=\"287\" data-end=\"675\"><strong data-start=\"287\" data-end=\"305\">Artesanato:<\/strong> Artesanato de alta qualidade feito \u00e0 m\u00e3o<br data-start=\"337\" data-end=\"340\" \/><strong data-start=\"340\" data-end=\"352\">Detalhes:<\/strong> O <strong data-start=\"357\" data-end=\"373\">Manto da floresta<\/strong> traz uma vibra\u00e7\u00e3o m\u00e1gica e terrosa para sua boneca. O conjunto <strong data-start=\"427\" data-end=\"447\">Conjunto de tr\u00eas pe\u00e7as<\/strong> inclui uma capa aconchegante e uma roupa combinando, perfeita para aventuras na floresta. O <strong data-start=\"528\" data-end=\"550\">Capa de camur\u00e7a florestal<\/strong> tamb\u00e9m pode ser adquirido separadamente para quem quiser apenas o manto, acrescentando um toque de eleg\u00e2ncia inspirada na floresta a qualquer boneca.<\/p>\n<p data-start=\"677\" data-end=\"721\"><strong data-start=\"677\" data-end=\"686\">Observa\u00e7\u00e3o:<\/strong> Apenas o traje. A boneca n\u00e3o est\u00e1 inclu\u00edda.<\/p>","protected":false},"featured_media":30307,"comment_status":"open","ping_status":"closed","template":"","meta":[],"product_brand":[],"product_cat":[117,81],"product_tag":[],"class_list":{"0":"post-30584","1":"product","2":"type-product","3":"status-publish","4":"has-post-thumbnail","6":"product_cat-doll-outfits-accessories","7":"product_cat-10cm-doll-outfit","9":"first","10":"instock","11":"shipping-taxable","12":"purchasable","13":"product-type-variable"},"jetpack_sharing_enabled":true,"_links":{"self":[{"href":"https:\/\/cottonland.shop\/pt\/wp-json\/wp\/v2\/product\/30584","targetHints":{"allow":["GET"]}}],"collection":[{"href":"https:\/\/cottonland.shop\/pt\/wp-json\/wp\/v2\/product"}],"about":[{"href":"https:\/\/cottonland.shop\/pt\/wp-json\/wp\/v2\/types\/product"}],"replies":[{"embeddable":true,"href":"https:\/\/cottonland.shop\/pt\/wp-json\/wp\/v2\/comments?post=30584"}],"version-history":[{"count":0,"href":"https:\/\/cottonland.shop\/pt\/wp-json\/wp\/v2\/product\/30584\/revisions"}],"wp:featuredmedia":[{"embeddable":true,"href":"https:\/\/cottonland.shop\/pt\/wp-json\/wp\/v2\/media\/30307"}],"wp:attachment":[{"href":"https:\/\/cottonland.shop\/pt\/wp-json\/wp\/v2\/media?parent=30584"}],"wp:term":[{"taxonomy":"product_brand","embeddable":true,"href":"https:\/\/cottonland.shop\/pt\/wp-json\/wp\/v2\/product_brand?post=30584"},{"taxonomy":"product_cat","embeddable":true,"href":"https:\/\/cottonland.shop\/pt\/wp-json\/wp\/v2\/product_cat?post=30584"},{"taxonomy":"product_tag","embeddable":true,"href":"https:\/\/cottonland.shop\/pt\/wp-json\/wp\/v2\/product_tag?post=30584"}],"curies":[{"name":"wp","href":"https:\/\/api.w.org\/{rel}","templated":true}]}}