{"id":30599,"date":"2025-11-17T01:44:40","date_gmt":"2025-11-17T01:44:40","guid":{"rendered":"https:\/\/cottonland.shop\/?post_type=product&#038;p=30599"},"modified":"2025-11-20T21:47:39","modified_gmt":"2025-11-20T21:47:39","slug":"lulu-20cm-cotton-doll","status":"publish","type":"product","link":"https:\/\/cottonland.shop\/pt\/produto\/lulu-20cm-cotton-doll\/","title":{"rendered":"Boneca de algod\u00e3o Lulu de 20 cm"},"content":{"rendered":"","protected":false},"excerpt":{"rendered":"<p data-start=\"120\" data-end=\"285\"><strong data-start=\"120\" data-end=\"140\">Tempo de processamento:<\/strong> <strong data-start=\"141\" data-end=\"153\">5 a 7 dias<\/strong><br data-start=\"153\" data-end=\"156\" \/><strong data-start=\"156\" data-end=\"174\">Compatibilidade:<\/strong> Adapta-se \u00e0 maioria dos trajes de pose de p\u00e9 de 20 cm.<br data-start=\"212\" data-end=\"215\" \/><strong data-start=\"215\" data-end=\"226\">Altura:<\/strong> 20 cm<br data-start=\"231\" data-end=\"234\" \/><strong data-start=\"234\" data-end=\"250\">Possibilidade de posar:<\/strong> Sim, com esqueleto dobr\u00e1vel<\/p>\n<p data-start=\"287\" data-end=\"566\"><strong data-start=\"287\" data-end=\"305\">Artesanato:<\/strong> Artesanato de alta qualidade feito \u00e0 m\u00e3o<br data-start=\"337\" data-end=\"340\" \/><strong data-start=\"340\" data-end=\"352\">Detalhes:<\/strong> O <strong data-start=\"357\" data-end=\"365\">Lulu<\/strong> A boneca oferece uma base bonita e vers\u00e1til para um estilo criativo. O <strong data-start=\"430\" data-end=\"444\">Boneca nua<\/strong> A vers\u00e3o permite que voc\u00ea vista e personalize a Lulu com qualquer roupa que desejar, tornando-a uma tela perfeita para a sua imagina\u00e7\u00e3o.<\/p>\n<p data-start=\"568\" data-end=\"649\"><strong data-start=\"651\" data-end=\"660\">Observa\u00e7\u00e3o:<\/strong> <strong data-start=\"661\" data-end=\"675\">Boneca nua<\/strong> significa apenas a boneca em si, sem roupa inclu\u00edda. As caudas g\u00eameas n\u00e3o est\u00e3o inclu\u00eddas na boneca.<\/p>","protected":false},"featured_media":30638,"comment_status":"open","ping_status":"closed","template":"","meta":[],"product_brand":[],"product_cat":[116,85],"product_tag":[],"class_list":{"0":"post-30599","1":"product","2":"type-product","3":"status-publish","4":"has-post-thumbnail","6":"product_cat-cotton-dolls","7":"product_cat-20cm-dolls","9":"first","10":"instock","11":"shipping-taxable","12":"purchasable","13":"product-type-variable"},"jetpack_sharing_enabled":true,"_links":{"self":[{"href":"https:\/\/cottonland.shop\/pt\/wp-json\/wp\/v2\/product\/30599","targetHints":{"allow":["GET"]}}],"collection":[{"href":"https:\/\/cottonland.shop\/pt\/wp-json\/wp\/v2\/product"}],"about":[{"href":"https:\/\/cottonland.shop\/pt\/wp-json\/wp\/v2\/types\/product"}],"replies":[{"embeddable":true,"href":"https:\/\/cottonland.shop\/pt\/wp-json\/wp\/v2\/comments?post=30599"}],"version-history":[{"count":0,"href":"https:\/\/cottonland.shop\/pt\/wp-json\/wp\/v2\/product\/30599\/revisions"}],"wp:featuredmedia":[{"embeddable":true,"href":"https:\/\/cottonland.shop\/pt\/wp-json\/wp\/v2\/media\/30638"}],"wp:attachment":[{"href":"https:\/\/cottonland.shop\/pt\/wp-json\/wp\/v2\/media?parent=30599"}],"wp:term":[{"taxonomy":"product_brand","embeddable":true,"href":"https:\/\/cottonland.shop\/pt\/wp-json\/wp\/v2\/product_brand?post=30599"},{"taxonomy":"product_cat","embeddable":true,"href":"https:\/\/cottonland.shop\/pt\/wp-json\/wp\/v2\/product_cat?post=30599"},{"taxonomy":"product_tag","embeddable":true,"href":"https:\/\/cottonland.shop\/pt\/wp-json\/wp\/v2\/product_tag?post=30599"}],"curies":[{"name":"wp","href":"https:\/\/api.w.org\/{rel}","templated":true}]}}