{"id":30602,"date":"2025-11-17T02:18:52","date_gmt":"2025-11-17T02:18:52","guid":{"rendered":"https:\/\/cottonland.shop\/?post_type=product&#038;p=30602"},"modified":"2025-11-21T02:27:58","modified_gmt":"2025-11-21T02:27:58","slug":"little-lulu-10cm-cotton-doll","status":"publish","type":"product","link":"https:\/\/cottonland.shop\/pt\/produto\/little-lulu-10cm-cotton-doll\/","title":{"rendered":"Boneca de algod\u00e3o de 10 cm Little Lulu"},"content":{"rendered":"","protected":false},"excerpt":{"rendered":"<p data-start=\"244\" data-end=\"357\"><strong data-start=\"244\" data-end=\"264\">Tempo de processamento:<\/strong> 15<strong data-start=\"265\" data-end=\"277\">\u00a0Dias<\/strong><br data-start=\"277\" data-end=\"280\" \/><strong data-start=\"280\" data-end=\"298\">Compatibilidade:<\/strong> Adapta-se \u00e0 maioria dos trajes de pose de p\u00e9 de 10 cm.<br data-start=\"336\" data-end=\"339\" \/><strong data-start=\"339\" data-end=\"350\">Altura:<\/strong> 10 cm<\/p>\n<p data-start=\"359\" data-end=\"694\"><strong data-start=\"359\" data-end=\"377\">Artesanato:<\/strong> Artesanato de alta qualidade feito \u00e0 m\u00e3o<br data-start=\"409\" data-end=\"412\" \/><strong data-start=\"412\" data-end=\"424\">Detalhes:<\/strong> O <strong data-start=\"429\" data-end=\"444\">Pequena Lulu<\/strong> A boneca oferece um design aconchegante e ador\u00e1vel. O <strong data-start=\"486\" data-end=\"500\">Boneca nua<\/strong> serve como uma base personaliz\u00e1vel, enquanto o <strong data-start=\"542\" data-end=\"560\">Camisola rosa<\/strong>, <strong data-start=\"562\" data-end=\"581\">Camisa de noite verde<\/strong>, e <strong data-start=\"587\" data-end=\"603\">Pijama azul<\/strong> As op\u00e7\u00f5es oferecem roupas doces e confort\u00e1veis para sua boneca, perfeitas para a hora de dormir ou descansar.<\/p>\n<p data-start=\"696\" data-end=\"815\"><strong data-start=\"651\" data-end=\"660\">Observa\u00e7\u00e3o:<\/strong> <strong data-start=\"661\" data-end=\"675\">Boneca nua<\/strong> significa apenas a boneca em si, sem traje inclu\u00eddo. Para op\u00e7\u00f5es com trajes, observe que o traje est\u00e1 inclu\u00eddo e pronto para ser usado pela boneca imediatamente.<\/p>","protected":false},"featured_media":30726,"comment_status":"open","ping_status":"closed","template":"","meta":[],"product_brand":[],"product_cat":[116,80],"product_tag":[],"class_list":{"0":"post-30602","1":"product","2":"type-product","3":"status-publish","4":"has-post-thumbnail","6":"product_cat-cotton-dolls","7":"product_cat-10cm-dolls","9":"first","10":"instock","11":"shipping-taxable","12":"purchasable","13":"product-type-variable"},"jetpack_sharing_enabled":true,"_links":{"self":[{"href":"https:\/\/cottonland.shop\/pt\/wp-json\/wp\/v2\/product\/30602","targetHints":{"allow":["GET"]}}],"collection":[{"href":"https:\/\/cottonland.shop\/pt\/wp-json\/wp\/v2\/product"}],"about":[{"href":"https:\/\/cottonland.shop\/pt\/wp-json\/wp\/v2\/types\/product"}],"replies":[{"embeddable":true,"href":"https:\/\/cottonland.shop\/pt\/wp-json\/wp\/v2\/comments?post=30602"}],"version-history":[{"count":0,"href":"https:\/\/cottonland.shop\/pt\/wp-json\/wp\/v2\/product\/30602\/revisions"}],"wp:featuredmedia":[{"embeddable":true,"href":"https:\/\/cottonland.shop\/pt\/wp-json\/wp\/v2\/media\/30726"}],"wp:attachment":[{"href":"https:\/\/cottonland.shop\/pt\/wp-json\/wp\/v2\/media?parent=30602"}],"wp:term":[{"taxonomy":"product_brand","embeddable":true,"href":"https:\/\/cottonland.shop\/pt\/wp-json\/wp\/v2\/product_brand?post=30602"},{"taxonomy":"product_cat","embeddable":true,"href":"https:\/\/cottonland.shop\/pt\/wp-json\/wp\/v2\/product_cat?post=30602"},{"taxonomy":"product_tag","embeddable":true,"href":"https:\/\/cottonland.shop\/pt\/wp-json\/wp\/v2\/product_tag?post=30602"}],"curies":[{"name":"wp","href":"https:\/\/api.w.org\/{rel}","templated":true}]}}