{"id":30605,"date":"2025-11-17T02:27:41","date_gmt":"2025-11-17T02:27:41","guid":{"rendered":"https:\/\/cottonland.shop\/?post_type=product&#038;p=30605"},"modified":"2025-11-21T03:03:35","modified_gmt":"2025-11-21T03:03:35","slug":"bear-adventures-four-pieces-set-for-20cm-cotton-doll","status":"publish","type":"product","link":"https:\/\/cottonland.shop\/pt\/produto\/bear-adventures-four-pieces-set-for-20cm-cotton-doll\/","title":{"rendered":"Conjunto de quatro pe\u00e7as Bear Adventures para boneca de algod\u00e3o de 20 cm"},"content":{"rendered":"","protected":false},"excerpt":{"rendered":"<p data-start=\"149\" data-end=\"312\"><strong data-start=\"149\" data-end=\"169\">Tempo de processamento:<\/strong> <strong data-start=\"170\" data-end=\"182\">5 a 7 dias<\/strong><br data-start=\"182\" data-end=\"185\" \/><strong data-start=\"185\" data-end=\"203\">Compatibilidade:<\/strong> Adapta-se \u00e0 maioria das bonecas de 20 cm com postura ereta.<br data-start=\"239\" data-end=\"242\" \/><strong data-start=\"242\" data-end=\"253\">Altura:<\/strong> 20 cm<\/p>\n<p data-start=\"314\" data-end=\"572\"><strong data-start=\"314\" data-end=\"332\">Artesanato:<\/strong> Artesanato de alta qualidade feito \u00e0 m\u00e3o<br data-start=\"364\" data-end=\"367\" \/><strong data-start=\"367\" data-end=\"379\">Detalhes:<\/strong> O <strong data-start=\"384\" data-end=\"403\">Aventuras com ursos<\/strong> traz uma vibra\u00e7\u00e3o divertida e aventureira para sua boneca. O conjunto <strong data-start=\"457\" data-end=\"476\">Conjunto de quatro pe\u00e7as<\/strong> inclui um lindo traje com tema de urso, perfeito para explora\u00e7\u00e3o ao ar livre ou uma aventura aconchegante na floresta.<\/p>\n<p data-start=\"574\" data-end=\"618\"><strong data-start=\"574\" data-end=\"583\">Observa\u00e7\u00e3o:<\/strong> Apenas o traje. A boneca n\u00e3o est\u00e1 inclu\u00edda.<\/p>","protected":false},"featured_media":30637,"comment_status":"open","ping_status":"closed","template":"","meta":[],"product_brand":[],"product_cat":[117,83],"product_tag":[],"class_list":{"0":"post-30605","1":"product","2":"type-product","3":"status-publish","4":"has-post-thumbnail","6":"product_cat-doll-outfits-accessories","7":"product_cat-20cm-doll-outfit","9":"first","10":"instock","11":"shipping-taxable","12":"purchasable","13":"product-type-variable"},"jetpack_sharing_enabled":true,"_links":{"self":[{"href":"https:\/\/cottonland.shop\/pt\/wp-json\/wp\/v2\/product\/30605","targetHints":{"allow":["GET"]}}],"collection":[{"href":"https:\/\/cottonland.shop\/pt\/wp-json\/wp\/v2\/product"}],"about":[{"href":"https:\/\/cottonland.shop\/pt\/wp-json\/wp\/v2\/types\/product"}],"replies":[{"embeddable":true,"href":"https:\/\/cottonland.shop\/pt\/wp-json\/wp\/v2\/comments?post=30605"}],"version-history":[{"count":0,"href":"https:\/\/cottonland.shop\/pt\/wp-json\/wp\/v2\/product\/30605\/revisions"}],"wp:featuredmedia":[{"embeddable":true,"href":"https:\/\/cottonland.shop\/pt\/wp-json\/wp\/v2\/media\/30637"}],"wp:attachment":[{"href":"https:\/\/cottonland.shop\/pt\/wp-json\/wp\/v2\/media?parent=30605"}],"wp:term":[{"taxonomy":"product_brand","embeddable":true,"href":"https:\/\/cottonland.shop\/pt\/wp-json\/wp\/v2\/product_brand?post=30605"},{"taxonomy":"product_cat","embeddable":true,"href":"https:\/\/cottonland.shop\/pt\/wp-json\/wp\/v2\/product_cat?post=30605"},{"taxonomy":"product_tag","embeddable":true,"href":"https:\/\/cottonland.shop\/pt\/wp-json\/wp\/v2\/product_tag?post=30605"}],"curies":[{"name":"wp","href":"https:\/\/api.w.org\/{rel}","templated":true}]}}