{"id":30744,"date":"2025-11-17T02:33:42","date_gmt":"2025-11-17T02:33:42","guid":{"rendered":"https:\/\/cottonland.shop\/?post_type=product&#038;p=30744"},"modified":"2025-11-21T03:04:43","modified_gmt":"2025-11-21T03:04:43","slug":"honey-jar-bear-four-pieces-set-for-20cm-cotton-doll","status":"publish","type":"product","link":"https:\/\/cottonland.shop\/pt\/produto\/honey-jar-bear-four-pieces-set-for-20cm-cotton-doll\/","title":{"rendered":"Conjunto de quatro pe\u00e7as do Honey Jar Bear para boneca de algod\u00e3o de 20 cm"},"content":{"rendered":"","protected":false},"excerpt":{"rendered":"<p data-start=\"148\" data-end=\"311\"><strong data-start=\"148\" data-end=\"168\">Tempo de processamento:<\/strong> <strong data-start=\"169\" data-end=\"181\">5 a 7 dias<\/strong><br data-start=\"181\" data-end=\"184\" \/><strong data-start=\"184\" data-end=\"202\">Compatibilidade:<\/strong> Adapta-se \u00e0 maioria das bonecas de 20 cm com postura ereta.<br data-start=\"238\" data-end=\"241\" \/><strong data-start=\"241\" data-end=\"252\">Altura:<\/strong> 20 cm<\/p>\n<p data-start=\"313\" data-end=\"587\"><strong data-start=\"313\" data-end=\"331\">Artesanato:<\/strong> Artesanato de alta qualidade feito \u00e0 m\u00e3o<br data-start=\"363\" data-end=\"366\" \/><strong data-start=\"366\" data-end=\"378\">Detalhes:<\/strong> O <strong data-start=\"383\" data-end=\"401\">Urso de pote de mel<\/strong> O conjunto traz do\u00e7ura e charme \u00e0 sua boneca. O conjunto <strong data-start=\"451\" data-end=\"470\">Conjunto de quatro pe\u00e7as<\/strong> inclui um traje inspirado em um urso encantador, perfeito para um visual aconchegante e ador\u00e1vel com uma vibe de aventura cheia de mel.<\/p>\n<p data-start=\"589\" data-end=\"633\"><strong data-start=\"589\" data-end=\"598\">Observa\u00e7\u00e3o:<\/strong> Apenas o traje. A boneca n\u00e3o est\u00e1 inclu\u00edda.<\/p>","protected":false},"featured_media":30628,"comment_status":"open","ping_status":"closed","template":"","meta":[],"product_brand":[],"product_cat":[117,83],"product_tag":[],"class_list":{"0":"post-30744","1":"product","2":"type-product","3":"status-publish","4":"has-post-thumbnail","6":"product_cat-doll-outfits-accessories","7":"product_cat-20cm-doll-outfit","9":"first","10":"instock","11":"shipping-taxable","12":"purchasable","13":"product-type-variable"},"jetpack_sharing_enabled":true,"_links":{"self":[{"href":"https:\/\/cottonland.shop\/pt\/wp-json\/wp\/v2\/product\/30744","targetHints":{"allow":["GET"]}}],"collection":[{"href":"https:\/\/cottonland.shop\/pt\/wp-json\/wp\/v2\/product"}],"about":[{"href":"https:\/\/cottonland.shop\/pt\/wp-json\/wp\/v2\/types\/product"}],"replies":[{"embeddable":true,"href":"https:\/\/cottonland.shop\/pt\/wp-json\/wp\/v2\/comments?post=30744"}],"version-history":[{"count":0,"href":"https:\/\/cottonland.shop\/pt\/wp-json\/wp\/v2\/product\/30744\/revisions"}],"wp:featuredmedia":[{"embeddable":true,"href":"https:\/\/cottonland.shop\/pt\/wp-json\/wp\/v2\/media\/30628"}],"wp:attachment":[{"href":"https:\/\/cottonland.shop\/pt\/wp-json\/wp\/v2\/media?parent=30744"}],"wp:term":[{"taxonomy":"product_brand","embeddable":true,"href":"https:\/\/cottonland.shop\/pt\/wp-json\/wp\/v2\/product_brand?post=30744"},{"taxonomy":"product_cat","embeddable":true,"href":"https:\/\/cottonland.shop\/pt\/wp-json\/wp\/v2\/product_cat?post=30744"},{"taxonomy":"product_tag","embeddable":true,"href":"https:\/\/cottonland.shop\/pt\/wp-json\/wp\/v2\/product_tag?post=30744"}],"curies":[{"name":"wp","href":"https:\/\/api.w.org\/{rel}","templated":true}]}}