{"id":30745,"date":"2025-11-17T02:39:11","date_gmt":"2025-11-17T02:39:11","guid":{"rendered":"https:\/\/cottonland.shop\/?post_type=product&#038;p=30745"},"modified":"2025-11-17T02:39:12","modified_gmt":"2025-11-17T02:39:12","slug":"little-bunny-sheriff-fox-agent-series-for-40cm-cotton-doll","status":"publish","type":"product","link":"https:\/\/cottonland.shop\/pt\/produto\/little-bunny-sheriff-fox-agent-series-for-40cm-cotton-doll\/","title":{"rendered":"S\u00e9rie Little Bunny Sheriff &amp; Fox Agent para boneca de algod\u00e3o de 40 cm"},"content":{"rendered":"","protected":false},"excerpt":{"rendered":"<p data-start=\"308\" data-end=\"471\"><strong data-start=\"308\" data-end=\"328\">Tempo de processamento:<\/strong> <strong data-start=\"329\" data-end=\"341\">5 a 7 dias<\/strong><br data-start=\"341\" data-end=\"344\" \/><strong data-start=\"344\" data-end=\"362\">Compatibilidade:<\/strong> Adapta-se \u00e0 maioria das bonecas de 40 cm com postura ereta.<br data-start=\"398\" data-end=\"401\" \/><strong data-start=\"401\" data-end=\"412\">Altura:<\/strong> 40 cm<\/p>\n<p data-start=\"473\" data-end=\"950\"><strong data-start=\"473\" data-end=\"491\">Artesanato:<\/strong> Artesanato de alta qualidade feito \u00e0 m\u00e3o<br data-start=\"523\" data-end=\"526\" \/><strong data-start=\"526\" data-end=\"538\">Detalhes:<\/strong> O <strong data-start=\"543\" data-end=\"579\">Xerife do coelhinho e agente da raposa<\/strong> traz vibra\u00e7\u00f5es aventureiras para o guarda-roupa de sua boneca. O <strong data-start=\"641\" data-end=\"681\">Conjunto de cinco pe\u00e7as Little Bunny Sheriff<\/strong> e <strong data-start=\"686\" data-end=\"709\">Conjunto completo de seis pe\u00e7as<\/strong> oferecem um visual divertido de xerife, com o conjunto completo adicionando mais acess\u00f3rios. O conjunto <strong data-start=\"783\" data-end=\"812\">Conjunto de quatro pe\u00e7as Fox Agent<\/strong> e <strong data-start=\"817\" data-end=\"841\">Conjunto completo de cinco pe\u00e7as<\/strong> oferecem um visual inspirado em um detetive, com o conjunto completo incluindo acess\u00f3rios extras para um traje mais completo.<\/p>\n<p data-start=\"952\" data-end=\"1057\"><strong data-start=\"952\" data-end=\"961\">Observa\u00e7\u00e3o:<\/strong> Esses s\u00e3o apenas trajes. As bonecas n\u00e3o est\u00e3o inclu\u00eddas. Selecione a vers\u00e3o e o estilo de sua prefer\u00eancia.<\/p>","protected":false},"featured_media":30622,"comment_status":"open","ping_status":"closed","template":"","meta":[],"product_brand":[],"product_cat":[117,84],"product_tag":[],"class_list":{"0":"post-30745","1":"product","2":"type-product","3":"status-publish","4":"has-post-thumbnail","6":"product_cat-doll-outfits-accessories","7":"product_cat-40cm-doll-outfit","9":"first","10":"instock","11":"shipping-taxable","12":"purchasable","13":"product-type-variable"},"jetpack_sharing_enabled":true,"_links":{"self":[{"href":"https:\/\/cottonland.shop\/pt\/wp-json\/wp\/v2\/product\/30745","targetHints":{"allow":["GET"]}}],"collection":[{"href":"https:\/\/cottonland.shop\/pt\/wp-json\/wp\/v2\/product"}],"about":[{"href":"https:\/\/cottonland.shop\/pt\/wp-json\/wp\/v2\/types\/product"}],"replies":[{"embeddable":true,"href":"https:\/\/cottonland.shop\/pt\/wp-json\/wp\/v2\/comments?post=30745"}],"version-history":[{"count":0,"href":"https:\/\/cottonland.shop\/pt\/wp-json\/wp\/v2\/product\/30745\/revisions"}],"wp:featuredmedia":[{"embeddable":true,"href":"https:\/\/cottonland.shop\/pt\/wp-json\/wp\/v2\/media\/30622"}],"wp:attachment":[{"href":"https:\/\/cottonland.shop\/pt\/wp-json\/wp\/v2\/media?parent=30745"}],"wp:term":[{"taxonomy":"product_brand","embeddable":true,"href":"https:\/\/cottonland.shop\/pt\/wp-json\/wp\/v2\/product_brand?post=30745"},{"taxonomy":"product_cat","embeddable":true,"href":"https:\/\/cottonland.shop\/pt\/wp-json\/wp\/v2\/product_cat?post=30745"},{"taxonomy":"product_tag","embeddable":true,"href":"https:\/\/cottonland.shop\/pt\/wp-json\/wp\/v2\/product_tag?post=30745"}],"curies":[{"name":"wp","href":"https:\/\/api.w.org\/{rel}","templated":true}]}}