{"id":30783,"date":"2025-11-17T03:13:39","date_gmt":"2025-11-17T03:13:39","guid":{"rendered":"https:\/\/cottonland.shop\/?post_type=product&#038;p=30783"},"modified":"2025-11-21T02:41:58","modified_gmt":"2025-11-21T02:41:58","slug":"bear-pajamas-10cm-cotton-doll","status":"publish","type":"product","link":"https:\/\/cottonland.shop\/pt\/produto\/bear-pajamas-10cm-cotton-doll\/","title":{"rendered":"Conjunto de pijamas de urso com tr\u00eas pe\u00e7as para boneca de algod\u00e3o de 10 cm"},"content":{"rendered":"","protected":false},"excerpt":{"rendered":"<p data-start=\"203\" data-end=\"366\"><strong data-start=\"203\" data-end=\"223\">Tempo de processamento:<\/strong> <strong data-start=\"224\" data-end=\"236\">5 a 7 dias<\/strong><br data-start=\"236\" data-end=\"239\" \/><strong data-start=\"239\" data-end=\"257\">Compatibilidade:<\/strong> Adapta-se \u00e0 maioria das bonecas de 10 cm com postura ereta.<br data-start=\"293\" data-end=\"296\" \/><strong data-start=\"296\" data-end=\"307\">Altura:<\/strong> 10 cm<\/p>\n<p data-start=\"368\" data-end=\"709\"><strong data-start=\"368\" data-end=\"386\">Artesanato:<\/strong> Artesanato de alta qualidade feito \u00e0 m\u00e3o<br data-start=\"418\" data-end=\"421\" \/><strong data-start=\"421\" data-end=\"433\">Detalhes:<\/strong> O <strong data-start=\"438\" data-end=\"454\">Pijama de urso<\/strong> O conjunto oferece um visual aconchegante e ador\u00e1vel para sua boneca. O conjunto <strong data-start=\"510\" data-end=\"548\">Conjunto de tr\u00eas pe\u00e7as do pijama Blue Bear<\/strong> inclui uma linda roupa de pijama com tema de urso azul, perfeita para um visual fofo na hora de dormir.<\/p>\n<p data-start=\"711\" data-end=\"755\"><strong data-start=\"711\" data-end=\"720\">Observa\u00e7\u00e3o:<\/strong> Apenas o traje. A boneca n\u00e3o est\u00e1 inclu\u00edda.<\/p>","protected":false},"featured_media":30673,"comment_status":"open","ping_status":"closed","template":"","meta":[],"product_brand":[],"product_cat":[117,81],"product_tag":[],"class_list":{"0":"post-30783","1":"product","2":"type-product","3":"status-publish","4":"has-post-thumbnail","6":"product_cat-doll-outfits-accessories","7":"product_cat-10cm-doll-outfit","9":"first","10":"instock","11":"shipping-taxable","12":"purchasable","13":"product-type-variable"},"jetpack_sharing_enabled":true,"_links":{"self":[{"href":"https:\/\/cottonland.shop\/pt\/wp-json\/wp\/v2\/product\/30783","targetHints":{"allow":["GET"]}}],"collection":[{"href":"https:\/\/cottonland.shop\/pt\/wp-json\/wp\/v2\/product"}],"about":[{"href":"https:\/\/cottonland.shop\/pt\/wp-json\/wp\/v2\/types\/product"}],"replies":[{"embeddable":true,"href":"https:\/\/cottonland.shop\/pt\/wp-json\/wp\/v2\/comments?post=30783"}],"version-history":[{"count":0,"href":"https:\/\/cottonland.shop\/pt\/wp-json\/wp\/v2\/product\/30783\/revisions"}],"wp:featuredmedia":[{"embeddable":true,"href":"https:\/\/cottonland.shop\/pt\/wp-json\/wp\/v2\/media\/30673"}],"wp:attachment":[{"href":"https:\/\/cottonland.shop\/pt\/wp-json\/wp\/v2\/media?parent=30783"}],"wp:term":[{"taxonomy":"product_brand","embeddable":true,"href":"https:\/\/cottonland.shop\/pt\/wp-json\/wp\/v2\/product_brand?post=30783"},{"taxonomy":"product_cat","embeddable":true,"href":"https:\/\/cottonland.shop\/pt\/wp-json\/wp\/v2\/product_cat?post=30783"},{"taxonomy":"product_tag","embeddable":true,"href":"https:\/\/cottonland.shop\/pt\/wp-json\/wp\/v2\/product_tag?post=30783"}],"curies":[{"name":"wp","href":"https:\/\/api.w.org\/{rel}","templated":true}]}}