{"id":30944,"date":"2025-11-20T13:34:00","date_gmt":"2025-11-20T13:34:00","guid":{"rendered":"https:\/\/cottonland.shop\/?post_type=product&#038;p=30944"},"modified":"2025-11-21T02:48:08","modified_gmt":"2025-11-21T02:48:08","slug":"baby-sleep-research-institute-series-three-pieces-set-for-20cm-cotton-doll","status":"publish","type":"product","link":"https:\/\/cottonland.shop\/pt\/produto\/baby-sleep-research-institute-series-three-pieces-set-for-20cm-cotton-doll\/","title":{"rendered":"Conjunto de tr\u00eas pe\u00e7as para boneca de algod\u00e3o de 20 cm da s\u00e9rie Baby Sleep Research Institute"},"content":{"rendered":"","protected":false},"excerpt":{"rendered":"<p class=\"ds-markdown-paragraph\"><strong>Tempo de processamento:<\/strong>\u00a05 a 7 dias<br \/>\n<strong>Compatibilidade:<\/strong>\u00a0Adapta-se \u00e0 maioria das bonecas de 20 cm com postura ereta.<br \/>\n<strong>Altura:<\/strong>\u00a020 cm<\/p>\n<p class=\"ds-markdown-paragraph\"><strong>Artesanato:<\/strong>\u00a0Artesanato de alta qualidade feito \u00e0 m\u00e3o<br \/>\n<strong>Detalhes:<\/strong>\u00a0A s\u00e9rie Baby Sleep Research Institute foi projetada para proporcionar \u00e0 sua boneca os sonhos mais doces. Esse conjunto de tr\u00eas pe\u00e7as apresenta uma est\u00e9tica macia, no estilo pijama, com ador\u00e1veis motivos de animais, perfeito para uma festa do pijama ou uma noite aconchegante. As cores past\u00e9is e o tecido confort\u00e1vel tornam esse conjunto indispens\u00e1vel para a cole\u00e7\u00e3o de roupas de dormir da sua boneca.<\/p>\n<p class=\"ds-markdown-paragraph\"><strong>Observa\u00e7\u00e3o:<\/strong>\u00a0Apenas o traje. A boneca n\u00e3o est\u00e1 inclu\u00edda.<\/p>","protected":false},"featured_media":30960,"comment_status":"open","ping_status":"closed","template":"","meta":[],"product_brand":[],"product_cat":[117,83],"product_tag":[],"class_list":{"0":"post-30944","1":"product","2":"type-product","3":"status-publish","4":"has-post-thumbnail","6":"product_cat-doll-outfits-accessories","7":"product_cat-20cm-doll-outfit","9":"first","10":"instock","11":"shipping-taxable","12":"purchasable","13":"product-type-variable"},"jetpack_sharing_enabled":true,"_links":{"self":[{"href":"https:\/\/cottonland.shop\/pt\/wp-json\/wp\/v2\/product\/30944","targetHints":{"allow":["GET"]}}],"collection":[{"href":"https:\/\/cottonland.shop\/pt\/wp-json\/wp\/v2\/product"}],"about":[{"href":"https:\/\/cottonland.shop\/pt\/wp-json\/wp\/v2\/types\/product"}],"replies":[{"embeddable":true,"href":"https:\/\/cottonland.shop\/pt\/wp-json\/wp\/v2\/comments?post=30944"}],"version-history":[{"count":0,"href":"https:\/\/cottonland.shop\/pt\/wp-json\/wp\/v2\/product\/30944\/revisions"}],"wp:featuredmedia":[{"embeddable":true,"href":"https:\/\/cottonland.shop\/pt\/wp-json\/wp\/v2\/media\/30960"}],"wp:attachment":[{"href":"https:\/\/cottonland.shop\/pt\/wp-json\/wp\/v2\/media?parent=30944"}],"wp:term":[{"taxonomy":"product_brand","embeddable":true,"href":"https:\/\/cottonland.shop\/pt\/wp-json\/wp\/v2\/product_brand?post=30944"},{"taxonomy":"product_cat","embeddable":true,"href":"https:\/\/cottonland.shop\/pt\/wp-json\/wp\/v2\/product_cat?post=30944"},{"taxonomy":"product_tag","embeddable":true,"href":"https:\/\/cottonland.shop\/pt\/wp-json\/wp\/v2\/product_tag?post=30944"}],"curies":[{"name":"wp","href":"https:\/\/api.w.org\/{rel}","templated":true}]}}