{"id":30948,"date":"2025-11-20T14:02:25","date_gmt":"2025-11-20T14:02:25","guid":{"rendered":"https:\/\/cottonland.shop\/?post_type=product&#038;p=30948"},"modified":"2025-11-21T02:54:03","modified_gmt":"2025-11-21T02:54:03","slug":"wild-kitten-series-five-pieces-set-for-20cm-cotton-doll","status":"publish","type":"product","link":"https:\/\/cottonland.shop\/pt\/produto\/wild-kitten-series-five-pieces-set-for-20cm-cotton-doll\/","title":{"rendered":"Conjunto de cinco pe\u00e7as da s\u00e9rie Wild Kitten para boneca de algod\u00e3o de 20 cm"},"content":{"rendered":"","protected":false},"excerpt":{"rendered":"<p class=\"ds-markdown-paragraph\"><strong>Tempo de processamento:<\/strong>\u00a05 a 7 dias<br \/>\n<strong>Compatibilidade:<\/strong>\u00a0Adapta-se \u00e0 maioria das bonecas de 20 cm com postura ereta.<br \/>\n<strong>Altura:<\/strong>\u00a020 cm<\/p>\n<p class=\"ds-markdown-paragraph\"><strong>Artesanato:<\/strong>\u00a0Artesanato de alta qualidade feito \u00e0 m\u00e3o<br \/>\n<strong>Detalhes:<\/strong>\u00a0Liberte o lado aventureiro de sua boneca com a Wild Kitten Series. Esse abrangente conjunto de cinco pe\u00e7as inclui tudo o que \u00e9 necess\u00e1rio para transformar sua boneca em uma ador\u00e1vel exploradora ao ar livre com um toque felino. Os acess\u00f3rios detalhados e as roupas em camadas proporcionam um visual texturizado de alta qualidade, perfeito para exibi\u00e7\u00f5es com temas da natureza.<\/p>\n<p class=\"ds-markdown-paragraph\"><strong>Observa\u00e7\u00e3o:<\/strong>\u00a0Apenas o traje. A boneca n\u00e3o est\u00e1 inclu\u00edda.<\/p>","protected":false},"featured_media":30988,"comment_status":"open","ping_status":"closed","template":"","meta":[],"product_brand":[],"product_cat":[117,83],"product_tag":[],"class_list":{"0":"post-30948","1":"product","2":"type-product","3":"status-publish","4":"has-post-thumbnail","6":"product_cat-doll-outfits-accessories","7":"product_cat-20cm-doll-outfit","9":"first","10":"instock","11":"shipping-taxable","12":"purchasable","13":"product-type-variable"},"jetpack_sharing_enabled":true,"_links":{"self":[{"href":"https:\/\/cottonland.shop\/pt\/wp-json\/wp\/v2\/product\/30948","targetHints":{"allow":["GET"]}}],"collection":[{"href":"https:\/\/cottonland.shop\/pt\/wp-json\/wp\/v2\/product"}],"about":[{"href":"https:\/\/cottonland.shop\/pt\/wp-json\/wp\/v2\/types\/product"}],"replies":[{"embeddable":true,"href":"https:\/\/cottonland.shop\/pt\/wp-json\/wp\/v2\/comments?post=30948"}],"version-history":[{"count":0,"href":"https:\/\/cottonland.shop\/pt\/wp-json\/wp\/v2\/product\/30948\/revisions"}],"wp:featuredmedia":[{"embeddable":true,"href":"https:\/\/cottonland.shop\/pt\/wp-json\/wp\/v2\/media\/30988"}],"wp:attachment":[{"href":"https:\/\/cottonland.shop\/pt\/wp-json\/wp\/v2\/media?parent=30948"}],"wp:term":[{"taxonomy":"product_brand","embeddable":true,"href":"https:\/\/cottonland.shop\/pt\/wp-json\/wp\/v2\/product_brand?post=30948"},{"taxonomy":"product_cat","embeddable":true,"href":"https:\/\/cottonland.shop\/pt\/wp-json\/wp\/v2\/product_cat?post=30948"},{"taxonomy":"product_tag","embeddable":true,"href":"https:\/\/cottonland.shop\/pt\/wp-json\/wp\/v2\/product_tag?post=30948"}],"curies":[{"name":"wp","href":"https:\/\/api.w.org\/{rel}","templated":true}]}}